{"id":9836,"date":"2023-04-04T15:09:56","date_gmt":"2023-04-04T18:09:56","guid":{"rendered":"https:\/\/colegiowelcomeschool.cl\/sitioweb\/?page_id=9836"},"modified":"2025-03-26T12:52:48","modified_gmt":"2025-03-26T15:52:48","slug":"cuentapublica","status":"publish","type":"page","link":"https:\/\/colegiowelcomeschool.cl\/sitioweb\/cuentapublica\/","title":{"rendered":"COLEGIO TRANSPARENTE"},"content":{"rendered":"\n<p> El proceso de Rendici\u00f3n de Cuentas est\u00e1 orientado a los sostenedores de establecimientos educacionales subvencionados o que reciben aportes regulares del Estado, quienes deben dar cuenta del uso de los recursos p\u00fablicos y privados destinados a su gesti\u00f3n con el&nbsp;prop\u00f3sito de transparentarlos a toda la comunidad educativa.<\/p>\n\n\n\n<p> El destino es transparentar el uso de los recursos (dineros) en nuestro establecimiento educacional y garantizar con ello que los proyectos educativos se concreten. En tal sentido, constituye una herramienta al servicio del resguardo de derechos de la comunidad escolar, en beneficio de una educaci\u00f3n de calidad a trav\u00e9s del uso efectivo de los recursos en educaci\u00f3n y no en otros fines. <\/p>\n\n\n\n<p>Aqu\u00ed podr\u00e1s revisar el informe p\u00fablico correspondiente al a\u00f1o 2024<\/p>\n\n\n\n<p><a href=\"https:\/\/drive.google.com\/file\/d\/1TctdFxjsiucqn9lZN7KzFAM0oO98K3Nt\/view?usp=sharing\" data-type=\"link\" data-id=\"https:\/\/drive.google.com\/file\/d\/1TctdFxjsiucqn9lZN7KzFAM0oO98K3Nt\/view?usp=sharing\">VER VIDEO <\/a><\/p>\n\n\n\n<hr class=\"wp-block-separator has-alpha-channel-opacity\"\/>\n\n\n\n<p>Cuenta p\u00fablica a\u00f1os anteriores:<\/p>\n\n\n\n<p><a href=\"https:\/\/drive.google.com\/file\/d\/1i4yuZR09c9Z1qVskSxddF8TJOmkJAF10\/view?usp=sharing\" data-type=\"link\" data-id=\"https:\/\/drive.google.com\/file\/d\/1i4yuZR09c9Z1qVskSxddF8TJOmkJAF10\/view?usp=sharing\">CUENTA P\u00daBLICA 2023<\/a><\/p>\n\n\n\n<p><\/p>\n","protected":false},"excerpt":{"rendered":"<p>El proceso de Rendici\u00f3n de Cuentas est\u00e1 orientado a los sostenedores de establecimientos educacionales subvencionados o que reciben aportes regulares del Estado, quienes deben dar cuenta del uso de los recursos p\u00fablicos y privados destinados a su gesti\u00f3n con el&nbsp;prop\u00f3sito de transparentarlos a toda la comunidad educativa. El destino es [&hellip;]<\/p>\n","protected":false},"author":2,"featured_media":0,"parent":0,"menu_order":0,"comment_status":"closed","ping_status":"closed","template":"","meta":{"footnotes":""},"class_list":["post-9836","page","type-page","status-publish","hentry"],"_links":{"self":[{"href":"https:\/\/colegiowelcomeschool.cl\/sitioweb\/wp-json\/wp\/v2\/pages\/9836","targetHints":{"allow":["GET"]}}],"collection":[{"href":"https:\/\/colegiowelcomeschool.cl\/sitioweb\/wp-json\/wp\/v2\/pages"}],"about":[{"href":"https:\/\/colegiowelcomeschool.cl\/sitioweb\/wp-json\/wp\/v2\/types\/page"}],"author":[{"embeddable":true,"href":"https:\/\/colegiowelcomeschool.cl\/sitioweb\/wp-json\/wp\/v2\/users\/2"}],"replies":[{"embeddable":true,"href":"https:\/\/colegiowelcomeschool.cl\/sitioweb\/wp-json\/wp\/v2\/comments?post=9836"}],"version-history":[{"count":6,"href":"https:\/\/colegiowelcomeschool.cl\/sitioweb\/wp-json\/wp\/v2\/pages\/9836\/revisions"}],"predecessor-version":[{"id":11747,"href":"https:\/\/colegiowelcomeschool.cl\/sitioweb\/wp-json\/wp\/v2\/pages\/9836\/revisions\/11747"}],"wp:attachment":[{"href":"https:\/\/colegiowelcomeschool.cl\/sitioweb\/wp-json\/wp\/v2\/media?parent=9836"}],"curies":[{"name":"wp","href":"https:\/\/api.w.org\/{rel}","templated":true}]}}