{"id":9191,"date":"2022-05-25T14:27:18","date_gmt":"2022-05-25T17:27:18","guid":{"rendered":"https:\/\/colegiowelcomeschool.cl\/sitioweb\/?page_id=9191"},"modified":"2023-03-28T14:22:56","modified_gmt":"2023-03-28T17:22:56","slug":"seguridad-escolar","status":"publish","type":"page","link":"https:\/\/colegiowelcomeschool.cl\/sitioweb\/seguridad-escolar\/","title":{"rendered":"SEGURIDAD ESCOLAR"},"content":{"rendered":"\n<p>ROLES Y FUNCIONES DE LOS\nMIEMBROS DEL COMIT\u00c9 DE SEGURIDAD ESCOLAR<\/p>\n\n\n\n<p>El C<strong>omit\u00b4e de seguridad escolar<\/strong> es presidido por la directora, quien es la responsable definitiva de la seguridad del Colegio, y en dicha calidad le corresponde cautelar el cumplimiento \u00edntegro y cabal de las acciones que defina el Comit\u00e9 en el marco del PISE.<\/p>\n\n\n\n<p>5.2 El Coordinador de Seguridad\nEscolar del Colegio, en representaci\u00f3n de la directora, coordinar\u00e1 todas las\nacciones que implemente el Comit\u00e9. Para el efectivo logro de su funci\u00f3n, el\nCoordinador deber\u00e1 integrar arm\u00f3nicamente la participaci\u00f3n de cada uno de sus\nintegrantes, utilizando los recursos y medios efectivos de comunicaci\u00f3n, tales\ncomo reuniones peri\u00f3dicas, registros de actas y documentos emitidos por el\nComit\u00e9.<\/p>\n\n\n\n<p>5.3 El Coordinador de\nSeguridad Escolar, ser\u00e1 quien mantendr\u00e1 el contacto oficial con las unidades de\nCarabineros, Bomberos, Salud y Oficina Comunal de Emergencia, con la finalidad\nde lograr la efectiva participaci\u00f3n de ellos en acciones de educaci\u00f3n,\nprevenci\u00f3n, pr\u00e1ctica de simulacros y atenci\u00f3n de emergencias.<\/p>\n\n\n\n<p>5.4 Los representantes de los\nEstudiantes, Docentes y Asistentes, Padres y Apoderados, Comit\u00e9 Paritario de\nHigiene y Seguridad y su Asesor, contribuir\u00e1n con la propia visi\u00f3n estamental\nen el marco de la Unidad Educativa en la implementaci\u00f3n y ejecuci\u00f3n de las\nacciones que acuerde el Comit\u00e9 y junto con comunicar tambi\u00e9n comprometer a sus\nrepresentados en las materias que se definan.<\/p>\n\n\n\n<p>5.5 Los representantes de\nCarabineros, Bomberos y de Salud constituyen instancias de apoyo t\u00e9cnico al\nComit\u00e9 y su relaci\u00f3n deber\u00e1 ser concretada oficialmente entre la directora y el\njefe de la Unidad respectiva.<\/p>\n\n\n\n<p>5.6 Se considera tambi\u00e9n\ninvitar a la Asociaci\u00f3n Chilena de Seguridad como entidad asesora del Colegio\nen materia de Prevenci\u00f3n.<\/p>\n\n\n\n<p>&nbsp;&nbsp;&nbsp;&nbsp;&nbsp;&nbsp; <strong>INTEGRANTES DEL COMIT\u00c9 DE SEGURIDAD\nESCOLAR<\/strong><\/p>\n\n\n\n<table class=\"wp-block-table has-subtle-pale-blue-background-color has-fixed-layout has-background\"><tbody><tr><td> Directora   <\/td><td>   Sra. Ver\u00f3nica Burgos Sanhueza   <\/td><\/tr><tr><td> Administrativo E.I.E.   <\/td><td>\n  Sr. H\u00e9ctor Burgos V\u00e1squez\n  <\/td><\/tr><tr><td> Inspector General   <\/td><td>   Sr. Luis Trivi\u00f1o Pereda <\/td><\/tr><tr><td> Encargado Convivencia Escolar   <\/td><td>   Sr. Cristian Rivas Espinoza<\/td><\/tr><tr><td> Coordinador de Seguridad Escolar   <\/td><td>   Sr. Luis Trivi\u00f1o Pereda <\/td><\/tr><tr><td> Representante Comit\u00e9 Paritario   <\/td><td>   Srta. Katherine Poblete Z\u00fa\u00f1iga   <\/td><\/tr><tr><td> Representante Profesores   <\/td><td>   Sra. Zulema Guarda   <\/td><\/tr><tr><td> Representante Educadoras   <\/td><td>\n  Srta. Mar\u00eda Eugenia Burgos\n  <\/td><\/tr><tr><td> Representante Asistentes de Educ.   <\/td><td>   Srta. Karina Delgado<\/td><\/tr><tr><td> Encargada Salud (Enfermer\u00eda)   <\/td><td>\n  Sra. Claudia Carquin\n  <\/td><\/tr><tr><td> Coordinadora Pie   <\/td><td>   Srta. Sandra Peralta<\/td><\/tr><tr><td> Presidente PPAA   <\/td><td>\n  Sra. Yasna Gonzalez\n  <\/td><\/tr><tr><td> Representante Carabineros   <\/td><td>   Tenencia San Luis de Macul  <\/td><\/tr><tr><td> Representante CESFAM San Luis   <\/td><td>   Dr. Felipe Guajardo   <\/td><\/tr><tr><td> Representante Bomberos   <\/td><td> 11\u00b0 Compa\u00f1\u00eda Bomberos de \u00d1u\u00f1oa   <\/td><\/tr><tr><td>Representantes Cuadrilla Sanitaria   <\/td><td>  Juan Pablo Godoy &#8211; Luis Trivi\u00f1o   <\/td><\/tr><tr><td>Representantes Equipo Contra Incendios<\/td><td>Pedro Gonzalez &#8211; Luis Trivi\u00f1o &#8211; Cristian Rivas      <\/td><\/tr><tr><td>Primera atenci\u00f3n accidentes graves    <\/td><td>Enfermera, Srta. Claudia Carqu\u00edn<\/td><\/tr><tr><td>Ejecuci\u00f3n Corte de electricidad    <\/td><td>Juan Pablo Godoy<\/td><\/tr><tr><td>Instrucciones por Altavoz<\/td><td>Mario Ravello<\/td><\/tr><tr><td>Ejecuci\u00f3n Corte de Gas<\/td><td>Rosa Hernandez (Enc. Juaeb)<\/td><\/tr><tr><td>   <\/td><td>    <\/td><\/tr><tr><td><\/td><td><\/td><\/tr><tr><td><\/td><td><\/td><\/tr><tr><td>\n  &nbsp;\n  <\/td><td>\n  &nbsp;\n  <\/td><\/tr><tr><td>\n  <strong>&nbsp;<\/strong>\n  <\/td><td>\n  &nbsp;\n  <\/td><\/tr><tr><td>\n  <strong>&nbsp;<\/strong>\n  <\/td><td>\n  &nbsp;\n  <\/td><\/tr><\/tbody><\/table>\n","protected":false},"excerpt":{"rendered":"<p>ROLES Y FUNCIONES DE LOS MIEMBROS DEL COMIT\u00c9 DE SEGURIDAD ESCOLAR El Comit\u00b4e de seguridad escolar es presidido por la directora, quien es la responsable definitiva de la seguridad del Colegio, y en dicha calidad le corresponde cautelar el cumplimiento \u00edntegro y cabal de las acciones que defina el Comit\u00e9 [&hellip;]<\/p>\n","protected":false},"author":2,"featured_media":0,"parent":0,"menu_order":0,"comment_status":"closed","ping_status":"closed","template":"","meta":{"footnotes":""},"class_list":["post-9191","page","type-page","status-publish","hentry"],"_links":{"self":[{"href":"https:\/\/colegiowelcomeschool.cl\/sitioweb\/wp-json\/wp\/v2\/pages\/9191","targetHints":{"allow":["GET"]}}],"collection":[{"href":"https:\/\/colegiowelcomeschool.cl\/sitioweb\/wp-json\/wp\/v2\/pages"}],"about":[{"href":"https:\/\/colegiowelcomeschool.cl\/sitioweb\/wp-json\/wp\/v2\/types\/page"}],"author":[{"embeddable":true,"href":"https:\/\/colegiowelcomeschool.cl\/sitioweb\/wp-json\/wp\/v2\/users\/2"}],"replies":[{"embeddable":true,"href":"https:\/\/colegiowelcomeschool.cl\/sitioweb\/wp-json\/wp\/v2\/comments?post=9191"}],"version-history":[{"count":2,"href":"https:\/\/colegiowelcomeschool.cl\/sitioweb\/wp-json\/wp\/v2\/pages\/9191\/revisions"}],"predecessor-version":[{"id":9830,"href":"https:\/\/colegiowelcomeschool.cl\/sitioweb\/wp-json\/wp\/v2\/pages\/9191\/revisions\/9830"}],"wp:attachment":[{"href":"https:\/\/colegiowelcomeschool.cl\/sitioweb\/wp-json\/wp\/v2\/media?parent=9191"}],"curies":[{"name":"wp","href":"https:\/\/api.w.org\/{rel}","templated":true}]}}