{"id":8233,"date":"2022-03-15T11:48:28","date_gmt":"2022-03-15T14:48:28","guid":{"rendered":"https:\/\/colegiowelcomeschool.cl\/sitioweb\/?page_id=8233"},"modified":"2023-03-28T14:34:10","modified_gmt":"2023-03-28T17:34:10","slug":"transporte-escolar","status":"publish","type":"page","link":"https:\/\/colegiowelcomeschool.cl\/sitioweb\/transporte-escolar\/","title":{"rendered":"TRANSPORTE ESCOLAR"},"content":{"rendered":"\n<p>\n\nNuestra escuela NO cuenta con servicio de traslado de alumnos, por lo que es exclusiva responsabilidad del padre y\/o apoderado del alumno(a) del traslado a la escuela y su regreso a casa.\n\n<\/p>\n\n\n\n<p>Te damos algunas indicaciones otorgadas por conaset para cuando contrates este servicio de transporte escolar:<\/p>\n\n\n\n<ul class=\"wp-block-list\"><li> Recuerda que el transporte escolar podr\u00eda llevar a tus propios hijos. Respeta los furgones y previene accidentes. La seguridad de nuestros ni\u00f1os y ni\u00f1as es responsabilidad de todos. <\/li><li> Conversa con tu hijo\/a para que durante el traslado se mantenga tranquilo al interior del furg\u00f3n y no moleste al conductor. <\/li><li> Los ni\u00f1os y ni\u00f1as deben viajar sentados y evitar exponer sus manos o cabeza por fuera de las ventanillas. <\/li><li> Los ni\u00f1os y ni\u00f1as siempre deben trasladarse con el cintur\u00f3n de seguridad abrochado, para prevenir accidentes ante frenazos o maniobras repentinas. <\/li><li> Los ni\u00f1os y ni\u00f1as deben bajar y subir del veh\u00edculo donde puedan hacerlo con seguridad. <\/li><li> No olvides que el furg\u00f3n, el conductor y sus asistentes deben estar inscritos ene el Registro Nacional de Transporte Escolar. (Verifica la patente <a rel=\"noreferrer noopener\" aria-label=\"Aqu\u00ed (abre en una nueva pesta\u00f1a)\" href=\"http:\/\/apps.mtt.cl\/consultaweb\/\" target=\"_blank\">Aqu\u00ed<\/a>) <\/li><li> Los furgones del a\u00f1o 2007 en adelante deben contar con cintur\u00f3n de seguridad, en todos los asientos. <\/li><li> Siempre ten en cuenta que los menores de 12 a\u00f1os deben viajar en los asientos traseros. <\/li><li> Si el t\u00edo o t\u00eda del furg\u00f3n lleva m\u00e1s de cinco ni\u00f1os en edad preescolar, deber\u00e1 viajar acompa\u00f1ado de otro adulto, debidamente registrado en la Seremi de Transporte respectiva. <\/li><li>Recuerda verificar que cumpla los protocolos asociados al COVID-19 (Puedes revisar el Protocolo <a rel=\"noreferrer noopener\" aria-label=\"Aqu\u00ed (abre en una nueva pesta\u00f1a)\" href=\"https:\/\/colegiowelcomeschool.cl\/sitioweb\/wp-content\/uploads\/2022\/03\/protocolo-3-transporte-escolar_ok.pdf\" target=\"_blank\">Aqu\u00ed<\/a>)<\/li><\/ul>\n\n\n\n<p>A continuaci\u00f3n se informa los servicios de trasnsporte escolar que seg\u00fan la informaci\u00f3n entregada a la fecha MARZO 2023 cumplen con los requisitos legales y que prestan servicio a nuestros estudiantes:<\/p>\n\n\n\n<p><strong>Cabe destacar que al ser servicios independientes estos NO Presentan ninguna relaci\u00f3n con nuestra instituci\u00f3n.<\/strong><\/p>\n\n\n\n<table class=\"wp-block-table has-fixed-layout\"><tbody><tr><td><strong>NOMBRE<\/strong><\/td><td><strong>REGISTRO MTT<\/strong><\/td><td><strong>HABILITADO <\/strong><\/td><td><strong>TEL\u00c9FONO<\/strong><\/td><td><strong>MAIL<\/strong><\/td><td><strong>DIRECCI\u00d3N<\/strong><\/td><td><strong>OTROS<\/strong><\/td><\/tr><tr><td><\/td><td><\/td><td><\/td><td><\/td><td><\/td><td><\/td><td><\/td><\/tr><tr><td><\/td><td><\/td><td><\/td><td><\/td><td><\/td><td><\/td><td><\/td><\/tr><tr><td><\/td><td><\/td><td><\/td><td><\/td><td><\/td><td><\/td><td><\/td><\/tr><tr><td><\/td><td><\/td><td><\/td><td><\/td><td><\/td><td><\/td><td><\/td><\/tr><tr><td><\/td><td><\/td><td><\/td><td><\/td><td><\/td><td><\/td><td><\/td><\/tr><tr><td><\/td><td><\/td><td><\/td><td><\/td><td><\/td><td><\/td><td><\/td><\/tr><tr><td><\/td><td><\/td><td><\/td><td><\/td><td><\/td><td><\/td><td><\/td><\/tr><tr><td><\/td><td><\/td><td><\/td><td><\/td><td><\/td><td><\/td><td><\/td><\/tr><tr><td><\/td><td><\/td><td><\/td><td><\/td><td><\/td><td><\/td><td><\/td><\/tr><tr><td><\/td><td><\/td><td><\/td><td><\/td><td><\/td><td><\/td><td><\/td><\/tr><tr><td><\/td><td><\/td><td><\/td><td><\/td><td><\/td><td><\/td><td><\/td><\/tr><tr><td><\/td><td><\/td><td><\/td><td><\/td><td><\/td><td><\/td><td><\/td><\/tr><tr><td><\/td><td><\/td><td><\/td><td><\/td><td><\/td><td><\/td><td><\/td><\/tr><tr><td><\/td><td><\/td><td><\/td><td><\/td><td><\/td><td><\/td><td><\/td><\/tr><tr><td><\/td><td><\/td><td><\/td><td><\/td><td><\/td><td><\/td><td><\/td><\/tr><tr><td><\/td><td><\/td><td><\/td><td><\/td><td><\/td><td><\/td><td><\/td><\/tr><tr><td><\/td><td><\/td><td><\/td><td><\/td><td><\/td><td><\/td><td><\/td><\/tr><tr><td><\/td><td><\/td><td><\/td><td><\/td><td><\/td><td><\/td><td><\/td><\/tr><tr><td><\/td><td><\/td><td><\/td><td><\/td><td><\/td><td><\/td><td><\/td><\/tr><\/tbody><\/table>\n","protected":false},"excerpt":{"rendered":"<p>Nuestra escuela NO cuenta con servicio de traslado de alumnos, por lo que es exclusiva responsabilidad del padre y\/o apoderado del alumno(a) del traslado a la escuela y su regreso a casa. Te damos algunas indicaciones otorgadas por conaset para cuando contrates este servicio de transporte escolar: Recuerda que el [&hellip;]<\/p>\n","protected":false},"author":2,"featured_media":0,"parent":0,"menu_order":0,"comment_status":"closed","ping_status":"closed","template":"","meta":{"footnotes":""},"class_list":["post-8233","page","type-page","status-publish","hentry"],"_links":{"self":[{"href":"https:\/\/colegiowelcomeschool.cl\/sitioweb\/wp-json\/wp\/v2\/pages\/8233","targetHints":{"allow":["GET"]}}],"collection":[{"href":"https:\/\/colegiowelcomeschool.cl\/sitioweb\/wp-json\/wp\/v2\/pages"}],"about":[{"href":"https:\/\/colegiowelcomeschool.cl\/sitioweb\/wp-json\/wp\/v2\/types\/page"}],"author":[{"embeddable":true,"href":"https:\/\/colegiowelcomeschool.cl\/sitioweb\/wp-json\/wp\/v2\/users\/2"}],"replies":[{"embeddable":true,"href":"https:\/\/colegiowelcomeschool.cl\/sitioweb\/wp-json\/wp\/v2\/comments?post=8233"}],"version-history":[{"count":9,"href":"https:\/\/colegiowelcomeschool.cl\/sitioweb\/wp-json\/wp\/v2\/pages\/8233\/revisions"}],"predecessor-version":[{"id":9834,"href":"https:\/\/colegiowelcomeschool.cl\/sitioweb\/wp-json\/wp\/v2\/pages\/8233\/revisions\/9834"}],"wp:attachment":[{"href":"https:\/\/colegiowelcomeschool.cl\/sitioweb\/wp-json\/wp\/v2\/media?parent=8233"}],"curies":[{"name":"wp","href":"https:\/\/api.w.org\/{rel}","templated":true}]}}