{"id":8023,"date":"2022-03-14T16:46:07","date_gmt":"2022-03-14T19:46:07","guid":{"rendered":"https:\/\/colegiowelcomeschool.cl\/sitioweb\/?page_id=8023"},"modified":"2022-03-15T13:32:19","modified_gmt":"2022-03-15T16:32:19","slug":"p-m-e","status":"publish","type":"page","link":"https:\/\/colegiowelcomeschool.cl\/sitioweb\/p-m-e\/","title":{"rendered":"P.M.E."},"content":{"rendered":"\n<p>El plan de mejora educativo es un instrumento estrat\u00e9gico\nt\u00e1ctico que elabora la comunidad educativa, en sus diferentes dimensiones de gesti\u00f3n:\n<\/p>\n\n\n\n<ul class=\"wp-block-list\"><li>Gesti\u00f3n Pedag\u00f3gica\/ Curricular <\/li><\/ul>\n\n\n\n<ul class=\"wp-block-list\"><li>Liderazgo <\/li><\/ul>\n\n\n\n<ul class=\"wp-block-list\"><li>Convivencia escolar <\/li><\/ul>\n\n\n\n<ul class=\"wp-block-list\"><li>Gesti\u00f3n de Recursos  <\/li><\/ul>\n\n\n\n<p>Con el objetivo de Planificar, ejecutar, evaluar Objetivos estrat\u00e9gicos, estrategias y acciones ligados a la mejora, por un periodo de cuatro a\u00f1os, el que se restructura seg\u00fan las necesidades emergentes todos los a\u00f1os. <\/p>\n","protected":false},"excerpt":{"rendered":"<p>El plan de mejora educativo es un instrumento estrat\u00e9gico t\u00e1ctico que elabora la comunidad educativa, en sus diferentes dimensiones de gesti\u00f3n: Gesti\u00f3n Pedag\u00f3gica\/ Curricular Liderazgo Convivencia escolar Gesti\u00f3n de Recursos Con el objetivo de Planificar, ejecutar, evaluar Objetivos estrat\u00e9gicos, estrategias y acciones ligados a la mejora, por un periodo de [&hellip;]<\/p>\n","protected":false},"author":2,"featured_media":0,"parent":0,"menu_order":0,"comment_status":"closed","ping_status":"closed","template":"","meta":{"footnotes":""},"class_list":["post-8023","page","type-page","status-publish","hentry"],"_links":{"self":[{"href":"https:\/\/colegiowelcomeschool.cl\/sitioweb\/wp-json\/wp\/v2\/pages\/8023","targetHints":{"allow":["GET"]}}],"collection":[{"href":"https:\/\/colegiowelcomeschool.cl\/sitioweb\/wp-json\/wp\/v2\/pages"}],"about":[{"href":"https:\/\/colegiowelcomeschool.cl\/sitioweb\/wp-json\/wp\/v2\/types\/page"}],"author":[{"embeddable":true,"href":"https:\/\/colegiowelcomeschool.cl\/sitioweb\/wp-json\/wp\/v2\/users\/2"}],"replies":[{"embeddable":true,"href":"https:\/\/colegiowelcomeschool.cl\/sitioweb\/wp-json\/wp\/v2\/comments?post=8023"}],"version-history":[{"count":2,"href":"https:\/\/colegiowelcomeschool.cl\/sitioweb\/wp-json\/wp\/v2\/pages\/8023\/revisions"}],"predecessor-version":[{"id":8301,"href":"https:\/\/colegiowelcomeschool.cl\/sitioweb\/wp-json\/wp\/v2\/pages\/8023\/revisions\/8301"}],"wp:attachment":[{"href":"https:\/\/colegiowelcomeschool.cl\/sitioweb\/wp-json\/wp\/v2\/media?parent=8023"}],"curies":[{"name":"wp","href":"https:\/\/api.w.org\/{rel}","templated":true}]}}