{"id":8015,"date":"2022-03-14T16:46:06","date_gmt":"2022-03-14T19:46:06","guid":{"rendered":"https:\/\/colegiowelcomeschool.cl\/sitioweb\/?page_id=8015"},"modified":"2026-03-16T13:18:48","modified_gmt":"2026-03-16T16:18:48","slug":"plan-de-formacion-ciudadana","status":"publish","type":"page","link":"https:\/\/colegiowelcomeschool.cl\/sitioweb\/plan-de-formacion-ciudadana\/","title":{"rendered":"PLAN DE FORMACI\u00d3N CIUDADANA"},"content":{"rendered":"\n<p> La Ley 20.911 establece que la educaci\u00f3n parvularia, b\u00e1sica y media deben contar con un Plan de Formaci\u00f3n Ciudadana. El objetivo es entregar a los estudiantes la \u201cpreparaci\u00f3n necesaria para asumir una vida responsable en una sociedad libre y de orientaci\u00f3n hacia el mejoramiento integral de la persona humana, como fundamento del sistema democr\u00e1tico\u201d. <\/p>\n\n\n\n<p>Aqu\u00ed podr\u00e1 encontrar nuestro plan de formaci\u00f3n ciudadana. <a href=\"https:\/\/colegiowelcomeschool.cl\/sitioweb\/wp-content\/uploads\/2026\/03\/2026-PLAN-DE-FORMACION-CIUDADANA.pdf\" target=\"_blank\" rel=\"noreferrer noopener\">DESCARGAR<\/a><\/p>\n\n\n\n<p><\/p>\n","protected":false},"excerpt":{"rendered":"<p>La Ley 20.911 establece que la educaci\u00f3n parvularia, b\u00e1sica y media deben contar con un Plan de Formaci\u00f3n Ciudadana. El objetivo es entregar a los estudiantes la \u201cpreparaci\u00f3n necesaria para asumir una vida responsable en una sociedad libre y de orientaci\u00f3n hacia el mejoramiento integral de la persona humana, como [&hellip;]<\/p>\n","protected":false},"author":2,"featured_media":0,"parent":0,"menu_order":0,"comment_status":"closed","ping_status":"closed","template":"","meta":{"footnotes":""},"class_list":["post-8015","page","type-page","status-publish","hentry"],"_links":{"self":[{"href":"https:\/\/colegiowelcomeschool.cl\/sitioweb\/wp-json\/wp\/v2\/pages\/8015","targetHints":{"allow":["GET"]}}],"collection":[{"href":"https:\/\/colegiowelcomeschool.cl\/sitioweb\/wp-json\/wp\/v2\/pages"}],"about":[{"href":"https:\/\/colegiowelcomeschool.cl\/sitioweb\/wp-json\/wp\/v2\/types\/page"}],"author":[{"embeddable":true,"href":"https:\/\/colegiowelcomeschool.cl\/sitioweb\/wp-json\/wp\/v2\/users\/2"}],"replies":[{"embeddable":true,"href":"https:\/\/colegiowelcomeschool.cl\/sitioweb\/wp-json\/wp\/v2\/comments?post=8015"}],"version-history":[{"count":4,"href":"https:\/\/colegiowelcomeschool.cl\/sitioweb\/wp-json\/wp\/v2\/pages\/8015\/revisions"}],"predecessor-version":[{"id":11725,"href":"https:\/\/colegiowelcomeschool.cl\/sitioweb\/wp-json\/wp\/v2\/pages\/8015\/revisions\/11725"}],"wp:attachment":[{"href":"https:\/\/colegiowelcomeschool.cl\/sitioweb\/wp-json\/wp\/v2\/media?parent=8015"}],"curies":[{"name":"wp","href":"https:\/\/api.w.org\/{rel}","templated":true}]}}