{"id":8011,"date":"2022-03-14T16:46:05","date_gmt":"2022-03-14T19:46:05","guid":{"rendered":"https:\/\/colegiowelcomeschool.cl\/sitioweb\/?page_id=8011"},"modified":"2022-05-02T16:35:45","modified_gmt":"2022-05-02T19:35:45","slug":"plan-de-inclusion","status":"publish","type":"page","link":"https:\/\/colegiowelcomeschool.cl\/sitioweb\/plan-de-inclusion\/","title":{"rendered":"PLAN DE INCLUSI\u00d3N"},"content":{"rendered":"\n<p> <br>La Ley de Inclusi\u00f3n N\u00b0 20.845 requiere de todos los establecimientos la elaboraci\u00f3n de\u00a0<em>planes de apoyo a la inclusi\u00f3n\u00a0<\/em>de manera de cumplir con el mandato de desarrollar una educaci\u00f3n libre de discriminaciones arbitrarias, en comunidades educativas que se constituyen como espacios de encuentro y aprendizaje de estudiantes de procedencias y condiciones diversas. <\/p>\n\n\n\n<p> Para dar cumplimiento a esta exigencia, y con el fin de promover la incorporaci\u00f3n de acciones de apoyo a la inclusi\u00f3n ponemos a disposici\u00f3n de toda la comunidad de nuestro plan vigente para el a\u00f1o escolar 2022<br><a href=\"https:\/\/colegiowelcomeschool.cl\/sitioweb\/wp-content\/uploads\/2022\/05\/Plan-de-Inclusi\u00f3n-2022.pdf\" target=\"_blank\" rel=\"noreferrer noopener\" aria-label=\" (abre en una nueva pesta\u00f1a)\">VER DOCUMENTO<\/a><\/p>\n","protected":false},"excerpt":{"rendered":"<p>La Ley de Inclusi\u00f3n N\u00b0 20.845 requiere de todos los establecimientos la elaboraci\u00f3n de\u00a0planes de apoyo a la inclusi\u00f3n\u00a0de manera de cumplir con el mandato de desarrollar una educaci\u00f3n libre de discriminaciones arbitrarias, en comunidades educativas que se constituyen como espacios de encuentro y aprendizaje de estudiantes de procedencias y [&hellip;]<\/p>\n","protected":false},"author":2,"featured_media":0,"parent":0,"menu_order":0,"comment_status":"closed","ping_status":"closed","template":"","meta":{"footnotes":""},"class_list":["post-8011","page","type-page","status-publish","hentry"],"_links":{"self":[{"href":"https:\/\/colegiowelcomeschool.cl\/sitioweb\/wp-json\/wp\/v2\/pages\/8011","targetHints":{"allow":["GET"]}}],"collection":[{"href":"https:\/\/colegiowelcomeschool.cl\/sitioweb\/wp-json\/wp\/v2\/pages"}],"about":[{"href":"https:\/\/colegiowelcomeschool.cl\/sitioweb\/wp-json\/wp\/v2\/types\/page"}],"author":[{"embeddable":true,"href":"https:\/\/colegiowelcomeschool.cl\/sitioweb\/wp-json\/wp\/v2\/users\/2"}],"replies":[{"embeddable":true,"href":"https:\/\/colegiowelcomeschool.cl\/sitioweb\/wp-json\/wp\/v2\/comments?post=8011"}],"version-history":[{"count":3,"href":"https:\/\/colegiowelcomeschool.cl\/sitioweb\/wp-json\/wp\/v2\/pages\/8011\/revisions"}],"predecessor-version":[{"id":8521,"href":"https:\/\/colegiowelcomeschool.cl\/sitioweb\/wp-json\/wp\/v2\/pages\/8011\/revisions\/8521"}],"wp:attachment":[{"href":"https:\/\/colegiowelcomeschool.cl\/sitioweb\/wp-json\/wp\/v2\/media?parent=8011"}],"curies":[{"name":"wp","href":"https:\/\/api.w.org\/{rel}","templated":true}]}}