{"id":8005,"date":"2022-03-14T16:46:04","date_gmt":"2022-03-14T19:46:04","guid":{"rendered":"https:\/\/colegiowelcomeschool.cl\/sitioweb\/?page_id=8005"},"modified":"2022-03-15T13:33:11","modified_gmt":"2022-03-15T16:33:11","slug":"planes-institucionales","status":"publish","type":"page","link":"https:\/\/colegiowelcomeschool.cl\/sitioweb\/planes-institucionales\/","title":{"rendered":"PLANES INSTITUCIONALES"},"content":{"rendered":"\n<p>Como normativa los establecimientos educaciones deben contar con seis Planes institucionales con el fin de coordinar las acciones para la consecuci\u00f3n de metas .<\/p>\n\n\n\n<ul class=\"wp-block-list\"><li>Plan de formaci\u00f3n Ciudadana .<\/li><\/ul>\n\n\n\n<ul class=\"wp-block-list\"><li>Plan se Sexualidad, Afectividad y g\u00e9nero.<\/li><\/ul>\n\n\n\n<ul class=\"wp-block-list\"><li>Plan integral de Seguridad Escolar.<\/li><\/ul>\n\n\n\n<ul class=\"wp-block-list\"><li>Plan de Formaci\u00f3n Local <\/li><\/ul>\n\n\n\n<ul class=\"wp-block-list\"><li>Plan de Apoyo a la Inclusi\u00f3n <\/li><\/ul>\n\n\n\n<ul class=\"wp-block-list\"><li>Plan de Gesti\u00f3n de la convivencia escolar <\/li><\/ul>\n","protected":false},"excerpt":{"rendered":"<p>Como normativa los establecimientos educaciones deben contar con seis Planes institucionales con el fin de coordinar las acciones para la consecuci\u00f3n de metas . Plan de formaci\u00f3n Ciudadana . Plan se Sexualidad, Afectividad y g\u00e9nero. Plan integral de Seguridad Escolar. Plan de Formaci\u00f3n Local Plan de Apoyo a la Inclusi\u00f3n [&hellip;]<\/p>\n","protected":false},"author":2,"featured_media":0,"parent":0,"menu_order":0,"comment_status":"closed","ping_status":"closed","template":"","meta":{"footnotes":""},"class_list":["post-8005","page","type-page","status-publish","hentry"],"_links":{"self":[{"href":"https:\/\/colegiowelcomeschool.cl\/sitioweb\/wp-json\/wp\/v2\/pages\/8005","targetHints":{"allow":["GET"]}}],"collection":[{"href":"https:\/\/colegiowelcomeschool.cl\/sitioweb\/wp-json\/wp\/v2\/pages"}],"about":[{"href":"https:\/\/colegiowelcomeschool.cl\/sitioweb\/wp-json\/wp\/v2\/types\/page"}],"author":[{"embeddable":true,"href":"https:\/\/colegiowelcomeschool.cl\/sitioweb\/wp-json\/wp\/v2\/users\/2"}],"replies":[{"embeddable":true,"href":"https:\/\/colegiowelcomeschool.cl\/sitioweb\/wp-json\/wp\/v2\/comments?post=8005"}],"version-history":[{"count":3,"href":"https:\/\/colegiowelcomeschool.cl\/sitioweb\/wp-json\/wp\/v2\/pages\/8005\/revisions"}],"predecessor-version":[{"id":8305,"href":"https:\/\/colegiowelcomeschool.cl\/sitioweb\/wp-json\/wp\/v2\/pages\/8005\/revisions\/8305"}],"wp:attachment":[{"href":"https:\/\/colegiowelcomeschool.cl\/sitioweb\/wp-json\/wp\/v2\/media?parent=8005"}],"curies":[{"name":"wp","href":"https:\/\/api.w.org\/{rel}","templated":true}]}}