{"id":7997,"date":"2022-03-14T16:46:03","date_gmt":"2022-03-14T19:46:03","guid":{"rendered":"https:\/\/colegiowelcomeschool.cl\/sitioweb\/?page_id=7997"},"modified":"2025-05-28T11:34:56","modified_gmt":"2025-05-28T14:34:56","slug":"dupla-psicosocial","status":"publish","type":"page","link":"https:\/\/colegiowelcomeschool.cl\/sitioweb\/dupla-psicosocial\/","title":{"rendered":"RECURSOS DUPLA\/CONVIVENCIA"},"content":{"rendered":"<div class=\"wp-block-image\">\n<figure class=\"alignleft size-large\"><a href=\"https:\/\/colegiowelcomeschool.cl\/sitioweb\/wp-content\/uploads\/2025\/05\/WhatsApp-Image-2025-05-28-at-10.31.13.jpeg\"><img loading=\"lazy\" decoding=\"async\" width=\"510\" height=\"383\" src=\"https:\/\/colegiowelcomeschool.cl\/sitioweb\/wp-content\/uploads\/2025\/05\/WhatsApp-Image-2025-05-28-at-10.31.13-510x383.jpeg\" alt=\"\" class=\"wp-image-11332\" srcset=\"https:\/\/colegiowelcomeschool.cl\/sitioweb\/wp-content\/uploads\/2025\/05\/WhatsApp-Image-2025-05-28-at-10.31.13-510x383.jpeg 510w, https:\/\/colegiowelcomeschool.cl\/sitioweb\/wp-content\/uploads\/2025\/05\/WhatsApp-Image-2025-05-28-at-10.31.13-300x225.jpeg 300w, https:\/\/colegiowelcomeschool.cl\/sitioweb\/wp-content\/uploads\/2025\/05\/WhatsApp-Image-2025-05-28-at-10.31.13-768x576.jpeg 768w, https:\/\/colegiowelcomeschool.cl\/sitioweb\/wp-content\/uploads\/2025\/05\/WhatsApp-Image-2025-05-28-at-10.31.13-320x240.jpeg 320w, https:\/\/colegiowelcomeschool.cl\/sitioweb\/wp-content\/uploads\/2025\/05\/WhatsApp-Image-2025-05-28-at-10.31.13-107x80.jpeg 107w, https:\/\/colegiowelcomeschool.cl\/sitioweb\/wp-content\/uploads\/2025\/05\/WhatsApp-Image-2025-05-28-at-10.31.13.jpeg 1280w\" sizes=\"auto, (max-width: 510px) 100vw, 510px\" \/><\/a><\/figure>\n<\/div>\n\n\n<p>Nuestra dupla psicosocial est\u00e1 compuesta por la Psicologa Sra. Catalina Machuca Valencia y el Trabajador Social Sr. Bryan Lorca Pincheira, nuestra dupla de profesionales est\u00e1 para apoyar el desarrollo integral de todos los  estudiantes, abarcando no solo el aspecto acad\u00e9mico, sino tambi\u00e9n el emocional, legal, social y cultural.\u00a0<\/p>\n\n\n\n<p>El principal objetivo de la dupla psicosocial es mejorar la convivencia escolar, prevenir problemas y promover el bienestar de las y los estudiantes y sus familias.\u00a0<\/p>\n\n\n\n<hr class=\"wp-block-separator has-alpha-channel-opacity\"\/>\n\n\n\n<p><strong>RECURSOS PARA PADRES, TUTORES Y APODERADOS<\/strong><\/p>\n\n\n\n<p>Aqu\u00ed podr\u00e1n revisar informaci\u00f3n, actividades, campa\u00f1as y cualquier otra documentaci\u00f3n que la dupla psicosocial comparta p\u00fablicamente con ustedes.<\/p>\n\n\n\n<p><strong><a href=\"https:\/\/drive.google.com\/drive\/folders\/1rEc6iMT9B2t-XZek_zRbi1cjonknZ9_J?usp=sharing\" data-type=\"link\" data-id=\"https:\/\/drive.google.com\/drive\/folders\/1rEc6iMT9B2t-XZek_zRbi1cjonknZ9_J?usp=sharing\" target=\"_blank\" rel=\"noreferrer noopener\">ACCEDER A RECURSO<\/a><\/strong><a href=\"https:\/\/drive.google.com\/drive\/folders\/1rEc6iMT9B2t-XZek_zRbi1cjonknZ9_J?usp=sharing\"><br><\/a><\/p>\n\n\n\n<p><\/p>\n","protected":false},"excerpt":{"rendered":"<p>Nuestra dupla psicosocial est\u00e1 compuesta por la Psicologa Sra. Catalina Machuca Valencia y el Trabajador Social Sr. Bryan Lorca Pincheira, nuestra dupla de profesionales est\u00e1 para apoyar el desarrollo integral de todos los estudiantes, abarcando no solo el aspecto acad\u00e9mico, sino tambi\u00e9n el emocional, legal, social y cultural.\u00a0 El principal [&hellip;]<\/p>\n","protected":false},"author":2,"featured_media":0,"parent":0,"menu_order":0,"comment_status":"closed","ping_status":"closed","template":"","meta":{"footnotes":""},"class_list":["post-7997","page","type-page","status-publish","hentry"],"_links":{"self":[{"href":"https:\/\/colegiowelcomeschool.cl\/sitioweb\/wp-json\/wp\/v2\/pages\/7997","targetHints":{"allow":["GET"]}}],"collection":[{"href":"https:\/\/colegiowelcomeschool.cl\/sitioweb\/wp-json\/wp\/v2\/pages"}],"about":[{"href":"https:\/\/colegiowelcomeschool.cl\/sitioweb\/wp-json\/wp\/v2\/types\/page"}],"author":[{"embeddable":true,"href":"https:\/\/colegiowelcomeschool.cl\/sitioweb\/wp-json\/wp\/v2\/users\/2"}],"replies":[{"embeddable":true,"href":"https:\/\/colegiowelcomeschool.cl\/sitioweb\/wp-json\/wp\/v2\/comments?post=7997"}],"version-history":[{"count":11,"href":"https:\/\/colegiowelcomeschool.cl\/sitioweb\/wp-json\/wp\/v2\/pages\/7997\/revisions"}],"predecessor-version":[{"id":11335,"href":"https:\/\/colegiowelcomeschool.cl\/sitioweb\/wp-json\/wp\/v2\/pages\/7997\/revisions\/11335"}],"wp:attachment":[{"href":"https:\/\/colegiowelcomeschool.cl\/sitioweb\/wp-json\/wp\/v2\/media?parent=7997"}],"curies":[{"name":"wp","href":"https:\/\/api.w.org\/{rel}","templated":true}]}}