{"id":7977,"date":"2022-03-14T16:04:42","date_gmt":"2022-03-14T19:04:42","guid":{"rendered":"https:\/\/colegiowelcomeschool.cl\/sitioweb\/?page_id=7977"},"modified":"2025-03-20T13:26:23","modified_gmt":"2025-03-20T16:26:23","slug":"pie","status":"publish","type":"page","link":"https:\/\/colegiowelcomeschool.cl\/sitioweb\/pie\/","title":{"rendered":"PIE"},"content":{"rendered":"<div class=\"wp-block-image is-style-default\">\n<figure class=\"aligncenter size-large\"><a href=\"https:\/\/colegiowelcomeschool.cl\/sitioweb\/wp-content\/uploads\/2025\/03\/PIE.png\"><img decoding=\"async\" src=\"https:\/\/colegiowelcomeschool.cl\/sitioweb\/wp-content\/uploads\/2025\/03\/PIE-510x383.png\" alt=\"\" class=\"wp-image-11045\"\/><\/a><\/figure>\n<\/div>\n\n\n<hr class=\"wp-block-separator has-alpha-channel-opacity\"\/>\n\n\n\n<p>Dando cumplimiento a los sellos de nuestro Proyecto educativo, la Inclusi\u00f3n, el respeto por la diversidad y la calidad educativa , sustentan la formaci\u00f3n de un equipo de profesionales especialistas para trabajar con aquellos estudiantes con necesidades educativas de tipo permanente NEEP o transitoria NEET, que esta compuesto por Educadoras diferenciales, fonoaudi\u00f3loga, psic\u00f3logo y la participaci\u00f3n de la trabajadora social del establecimiento. <br> Su funci\u00f3n es adecuar de forma y fondo los metodolog\u00edas de adquirir los aprendizajes de los ni\u00f1os de manera de disminuir las barreras, integrarlos al sistema escolar y asegurar el logro de los Objetivos de aprendizaje que indica el Mineduc , generando variadas condiciones para el aprendizaje de acuerdo a las necesidades.<br> El contexto hace que el  Programa de Integraci\u00f3n escolar tenga una gran demanda, cada curso cuenta con 5 cupos par estudiantes NEET( transitoria) y 2 para  ni\u00f1os NEEP ( permanente), lamentablemente no se puede cubrir la totalidad de las necesidades, es por este motivo que es muy importante al momento de postular por SAE ( sistema de admisi\u00f3n escolar)  informar la necesidad de pertenecer al PIE, tener claro el diagn\u00f3stico y estar atentos al periodo que establece el Mineduc para acceder a postulaciones especiales en las plataformas oficiales. <\/p>\n\n\n\n<hr class=\"wp-block-separator has-css-opacity\"\/>\n\n\n\n<p><strong>TRANSTRONO DEL ESPECTRO AUTISTA (TEA)<\/strong><\/p>\n\n\n\n<p>El&nbsp;Trastorno&nbsp;del&nbsp;Espectro&nbsp;Autista&nbsp;se&nbsp;define como&nbsp;la&nbsp;dificultad&nbsp;persistente&nbsp;en&nbsp;el desarrollo&nbsp;del proceso de socializaci\u00f3n (interacci\u00f3n social y comunicaci\u00f3n social), junto con un patr\u00f3n restringido&nbsp;de&nbsp;conductas&nbsp;e&nbsp;intereses,&nbsp;dentro&nbsp;de&nbsp;lo cual&nbsp;se incluyen&nbsp;afectaciones&nbsp;sensoriales.<\/p>\n\n\n\n<p><a rel=\"noreferrer noopener\" aria-label=\"Descargar tr\u00edptico  (abre en una nueva pesta\u00f1a)\" href=\"https:\/\/colegiowelcomeschool.cl\/sitioweb\/wp-content\/uploads\/2023\/07\/triptico-TEA.pdf\" target=\"_blank\">Descargar<\/a> tr\u00edptico con m\u00e1s informaci\u00f3n sobre el TEA<\/p>\n\n\n\n<hr class=\"wp-block-separator has-css-opacity\"\/>\n\n\n\n<p><strong>TRANSTORNO ESPEC\u00cdFICO DEL LENGUAJE (TEL)<\/strong><\/p>\n\n\n\n<p>El Trastorno Espec\u00edfico del Lenguaje es una dificultad persistente en la adquisici\u00f3n, uso y desarrollo del lenguaje&nbsp;que&nbsp;puede afectar la comprensi\u00f3n y expresi\u00f3n verbal. No se explica&nbsp;por&nbsp;alg\u00fan trastorno motor, sensorial, neurol\u00f3gico o&nbsp;auditivo. Es heterog\u00e9neo y puede ser de car\u00e1cter transitorio.<\/p>\n\n\n\n<p><a href=\"https:\/\/colegiowelcomeschool.cl\/sitioweb\/wp-content\/uploads\/2023\/07\/triptico-TEL.pdf\" target=\"_blank\" rel=\"noreferrer noopener\" aria-label=\"Descargar (abre en una nueva pesta\u00f1a)\">Descargar<\/a> tr\u00edptico con m\u00e1s informaci\u00f3n sobre el TEL<\/p>\n\n\n\n<hr class=\"wp-block-separator has-css-opacity\"\/>\n\n\n\n<p><strong>TRANSTORNO POR D\u00c9FICIT ATENCIONAL E HIPERACTIVIDAD (TDA\/TDAH)<\/strong><\/p>\n\n\n\n<p>El&nbsp;trastorno&nbsp;por&nbsp;d\u00e9ficit&nbsp;de&nbsp;atenci\u00f3n&nbsp;con&nbsp;o&nbsp;sin hiperactividad (TDA\/TDAH), se inicia&nbsp;en la infancia y se caracteriza por&nbsp;dificultades&nbsp;para mantener&nbsp;la&nbsp;atenci\u00f3n. Tambi\u00e9n&nbsp;incluye&nbsp;una&nbsp;combinaci\u00f3n&nbsp;de&nbsp;problemas persistentes,&nbsp;tales&nbsp;como dificultad&nbsp;para&nbsp;mantener&nbsp;la atenci\u00f3n, hiperactividad y comportamiento&nbsp;impulsivo.<\/p>\n\n\n\n<p><a rel=\"noreferrer noopener\" aria-label=\"Descargar (abre en una nueva pesta\u00f1a)\" href=\"https:\/\/colegiowelcomeschool.cl\/sitioweb\/wp-content\/uploads\/2023\/07\/triptico-TDA.pdf\" target=\"_blank\">Descargar<\/a> tr\u00edptico con m\u00e1s informaci\u00f3n sobre el (TDA\/TDAH)<\/p>\n\n\n\n<hr class=\"wp-block-separator has-css-opacity\"\/>\n\n\n\n<p><strong>DISCAPACIDAD INTELECTUAL (DI)<\/strong><\/p>\n\n\n\n<p>Todas&nbsp;las&nbsp;personas&nbsp;tenemos&nbsp;cualidades distintas,&nbsp;y al ser&nbsp;medidas, nuestras caracter\u00edsticas pueden&nbsp;ser&nbsp;ubicadas cerca&nbsp;o&nbsp;lejos&nbsp;del&nbsp;\u00abpromedio\u00bb&nbsp;o \u00ablo&nbsp;esperable\u00bb.<\/p>\n\n\n\n<p>Si al medir el desempe\u00f1o intelectual de un estudiante, su rendimiento es significantemente menor al esperado para su edad, dicha condici\u00f3n es llamada \u00abDiscapacidad Intelectual\u00bb (OMS). En general, representa dificultades para comprender e incorporar aprendizajes cognitivos, adaptativos y sociales.<\/p>\n\n\n\n<p>En s\u00edntesis, el diagn\u00f3stico se define por la presencia de&nbsp;limitaciones sustantivas en el funcionamiento de la persona<strong>,&nbsp;<\/strong>caracterizado por un desempe\u00f1o intelectual bajo de la media.<\/p>\n\n\n\n<p><a rel=\"noreferrer noopener\" aria-label=\"Descargar (abre en una nueva pesta\u00f1a)\" href=\"https:\/\/colegiowelcomeschool.cl\/sitioweb\/wp-content\/uploads\/2023\/07\/Tr\u00edptico-DI.pdf\" target=\"_blank\">Descargar<\/a> tr\u00edptico con m\u00e1s informaci\u00f3n sobre el DI<\/p>\n\n\n\n<hr class=\"wp-block-separator has-css-opacity\"\/>\n\n\n\n<p><strong>FUNCIONAMIENTO INTELECTUAL LIMITROFE (FIL)<\/strong><\/p>\n\n\n\n<p>El&nbsp;\u00abFuncionamiento&nbsp;Intelectual Lim\u00edtrofe\u00bb es&nbsp;una manera de&nbsp;nombrar aquellos casos en que el rendimiento de un (a) estudiante es levemente menor que lo que se espera seg\u00fan su&nbsp;edad.<\/p>\n\n\n\n<p>Cuando esto ocurre, la habilidad comprensiva y fluidez para construir algunos&nbsp;aprendizajes pueden verse obstaculizados.<\/p>\n\n\n\n<p><a href=\"https:\/\/colegiowelcomeschool.cl\/sitioweb\/wp-content\/uploads\/2023\/07\/triptico-FIL.pdf\" target=\"_blank\" rel=\"noreferrer noopener\" aria-label=\"Descargar (abre en una nueva pesta\u00f1a)\">Descargar<\/a> tr\u00edptico con m\u00e1s informaci\u00f3n sobre el FIL<\/p>\n\n\n\n<hr class=\"wp-block-separator has-css-opacity\"\/>\n\n\n\n<p><strong>DIFICULTADES ESPEC\u00cdFICAS DEL APRENDIZAJE (DEA)<\/strong><\/p>\n\n\n\n<p>Dificultades&nbsp;espec\u00edficas&nbsp;del&nbsp;aprendizaje&nbsp;se&nbsp;refiere&nbsp;a una&nbsp;dificultad&nbsp;severa&nbsp;o significativamente&nbsp;mayor&nbsp;a la&nbsp;que&nbsp;presenta&nbsp;la&nbsp;generalidad&nbsp;de&nbsp;estudiantes&nbsp;de&nbsp;la misma&nbsp;edad, para&nbsp;aprender&nbsp;a&nbsp;leer;&nbsp;a&nbsp;leer&nbsp;y&nbsp;a&nbsp;escribir; y\/o aprender&nbsp;matem\u00e1ticas. <\/p>\n\n\n\n<p>Se&nbsp;caracterizan&nbsp;por&nbsp;un&nbsp;desnivel&nbsp;entre&nbsp;capacidad&nbsp;y rendimiento; por estar delimitadas a \u00e1reas espec\u00edficas&nbsp;como&nbsp;lectura,&nbsp;escritura&nbsp;y&nbsp;matem\u00e1ticas&nbsp;y&nbsp;por&nbsp;ser&nbsp;reiterativos&nbsp;y&nbsp;cr\u00f3nicos, pudiendo&nbsp;presentarse tanto&nbsp;en&nbsp;el&nbsp;nivel&nbsp;de&nbsp;educaci\u00f3n&nbsp;b\u00e1sica&nbsp;como&nbsp;media.<\/p>\n\n\n\n<p><a href=\"https:\/\/colegiowelcomeschool.cl\/sitioweb\/wp-content\/uploads\/2023\/07\/TRIPTICO-DEA.pdf\" target=\"_blank\" rel=\"noreferrer noopener\" aria-label=\"Descargar (abre en una nueva pesta\u00f1a)\">Descargar<\/a> tr\u00edptico con m\u00e1s informaci\u00f3n sobre el DEA<\/p>\n","protected":false},"excerpt":{"rendered":"<p>Dando cumplimiento a los sellos de nuestro Proyecto educativo, la Inclusi\u00f3n, el respeto por la diversidad y la calidad educativa , sustentan la formaci\u00f3n de un equipo de profesionales especialistas para trabajar con aquellos estudiantes con necesidades educativas de tipo permanente NEEP o transitoria NEET, que esta compuesto por Educadoras [&hellip;]<\/p>\n","protected":false},"author":2,"featured_media":0,"parent":0,"menu_order":0,"comment_status":"closed","ping_status":"closed","template":"","meta":{"footnotes":""},"class_list":["post-7977","page","type-page","status-publish","hentry"],"_links":{"self":[{"href":"https:\/\/colegiowelcomeschool.cl\/sitioweb\/wp-json\/wp\/v2\/pages\/7977","targetHints":{"allow":["GET"]}}],"collection":[{"href":"https:\/\/colegiowelcomeschool.cl\/sitioweb\/wp-json\/wp\/v2\/pages"}],"about":[{"href":"https:\/\/colegiowelcomeschool.cl\/sitioweb\/wp-json\/wp\/v2\/types\/page"}],"author":[{"embeddable":true,"href":"https:\/\/colegiowelcomeschool.cl\/sitioweb\/wp-json\/wp\/v2\/users\/2"}],"replies":[{"embeddable":true,"href":"https:\/\/colegiowelcomeschool.cl\/sitioweb\/wp-json\/wp\/v2\/comments?post=7977"}],"version-history":[{"count":9,"href":"https:\/\/colegiowelcomeschool.cl\/sitioweb\/wp-json\/wp\/v2\/pages\/7977\/revisions"}],"predecessor-version":[{"id":11047,"href":"https:\/\/colegiowelcomeschool.cl\/sitioweb\/wp-json\/wp\/v2\/pages\/7977\/revisions\/11047"}],"wp:attachment":[{"href":"https:\/\/colegiowelcomeschool.cl\/sitioweb\/wp-json\/wp\/v2\/media?parent=7977"}],"curies":[{"name":"wp","href":"https:\/\/api.w.org\/{rel}","templated":true}]}}