{"id":7949,"date":"2022-03-14T16:00:32","date_gmt":"2022-03-14T19:00:32","guid":{"rendered":"https:\/\/colegiowelcomeschool.cl\/sitioweb\/?page_id=7949"},"modified":"2026-03-16T10:51:13","modified_gmt":"2026-03-16T13:51:13","slug":"proyecto-educativo","status":"publish","type":"page","link":"https:\/\/colegiowelcomeschool.cl\/sitioweb\/proyecto-educativo\/","title":{"rendered":"PROYECTO EDUCATIVO 2026-2030"},"content":{"rendered":"\n<p>El Proyecto Educativo Institucional PEI es el documento\npol\u00edtico, orientador y rector fundamental de una Unidad Educativa. Es como lo\nse\u00f1ala C\u00e1rdenas (2002) \u201cla columna vertebral del desarrollo de la instituci\u00f3n\nescolar\u201d. Por su parte el Ministerio de Educaci\u00f3n ha definido el PEI como \u201cun\ninstrumento de planificaci\u00f3n y gesti\u00f3n escolar que requiere de un compromiso de\ntodos los miembros de la comunidad Educativa\u00bb.<\/p>\n\n\n\n<p>Para nuestro establecimiento educacional, el PEI, es la carta de navegaci\u00f3n que orienta y dirige nuestro actuar y nos entrega los sellos , valores , misi\u00f3n y visi\u00f3n que tenemos dentro de la comunidad , como un ente \u00fanico en el sector. <\/p>\n\n\n\n<p><strong><a href=\"https:\/\/colegiowelcomeschool.cl\/sitioweb\/wp-content\/uploads\/2026\/03\/PEI-2026-2030.pdf\" target=\"_blank\" rel=\"noreferrer noopener\">Aqu\u00ed<\/a><\/strong> podr\u00e1s revisar nuestro PEI<\/p>\n\n\n\n<p><\/p>\n","protected":false},"excerpt":{"rendered":"<p>El Proyecto Educativo Institucional PEI es el documento pol\u00edtico, orientador y rector fundamental de una Unidad Educativa. Es como lo se\u00f1ala C\u00e1rdenas (2002) \u201cla columna vertebral del desarrollo de la instituci\u00f3n escolar\u201d. Por su parte el Ministerio de Educaci\u00f3n ha definido el PEI como \u201cun instrumento de planificaci\u00f3n y gesti\u00f3n [&hellip;]<\/p>\n","protected":false},"author":2,"featured_media":0,"parent":0,"menu_order":0,"comment_status":"closed","ping_status":"closed","template":"","meta":{"footnotes":""},"class_list":["post-7949","page","type-page","status-publish","hentry"],"_links":{"self":[{"href":"https:\/\/colegiowelcomeschool.cl\/sitioweb\/wp-json\/wp\/v2\/pages\/7949","targetHints":{"allow":["GET"]}}],"collection":[{"href":"https:\/\/colegiowelcomeschool.cl\/sitioweb\/wp-json\/wp\/v2\/pages"}],"about":[{"href":"https:\/\/colegiowelcomeschool.cl\/sitioweb\/wp-json\/wp\/v2\/types\/page"}],"author":[{"embeddable":true,"href":"https:\/\/colegiowelcomeschool.cl\/sitioweb\/wp-json\/wp\/v2\/users\/2"}],"replies":[{"embeddable":true,"href":"https:\/\/colegiowelcomeschool.cl\/sitioweb\/wp-json\/wp\/v2\/comments?post=7949"}],"version-history":[{"count":5,"href":"https:\/\/colegiowelcomeschool.cl\/sitioweb\/wp-json\/wp\/v2\/pages\/7949\/revisions"}],"predecessor-version":[{"id":11718,"href":"https:\/\/colegiowelcomeschool.cl\/sitioweb\/wp-json\/wp\/v2\/pages\/7949\/revisions\/11718"}],"wp:attachment":[{"href":"https:\/\/colegiowelcomeschool.cl\/sitioweb\/wp-json\/wp\/v2\/media?parent=7949"}],"curies":[{"name":"wp","href":"https:\/\/api.w.org\/{rel}","templated":true}]}}