{"id":7947,"date":"2022-03-14T16:00:32","date_gmt":"2022-03-14T19:00:32","guid":{"rendered":"https:\/\/colegiowelcomeschool.cl\/sitioweb\/?page_id=7947"},"modified":"2026-03-30T08:15:20","modified_gmt":"2026-03-30T11:15:20","slug":"reglamento-interno","status":"publish","type":"page","link":"https:\/\/colegiowelcomeschool.cl\/sitioweb\/reglamento-interno\/","title":{"rendered":"REGLAMENTO INTERNO"},"content":{"rendered":"\n<p>La Ley 20.529\/ 2011- Sistema de aseguramiento de la calidad de la educaci\u00f3n, obliga a todos los sostenedores de establecimientos de nuestro pa\u00eds, a contar con un reglamento interno que debe ser elaborado en base a la normativa y pol\u00edticas vigente en conjunto con su comunidad educativa y que regule la sana convivencia entre los miembros, los derechos y deberes en el marco de su proyecto educativo institucional. <\/p>\n\n\n\n<p>Este reglamento debe ser socializado y estar disponible para todos los usuarios. En el siguiente enlace encontrar\u00e1s el reglamento de nuestra instituci\u00f3n:<br><strong><a href=\"https:\/\/colegiowelcomeschool.cl\/sitioweb\/wp-content\/uploads\/2026\/03\/REGLAENTO-INTERNO-2026.pdf\" data-type=\"link\" data-id=\"https:\/\/colegiowelcomeschool.cl\/sitioweb\/wp-content\/uploads\/2026\/03\/REGLAENTO-INTERNO-2026.pdf\" target=\"_blank\" rel=\"noreferrer noopener\">VISUALIZAR<\/a><\/strong><\/p>\n","protected":false},"excerpt":{"rendered":"<p>La Ley 20.529\/ 2011- Sistema de aseguramiento de la calidad de la educaci\u00f3n, obliga a todos los sostenedores de establecimientos de nuestro pa\u00eds, a contar con un reglamento interno que debe ser elaborado en base a la normativa y pol\u00edticas vigente en conjunto con su comunidad educativa y que regule [&hellip;]<\/p>\n","protected":false},"author":2,"featured_media":0,"parent":0,"menu_order":0,"comment_status":"closed","ping_status":"closed","template":"","meta":{"footnotes":""},"class_list":["post-7947","page","type-page","status-publish","hentry"],"_links":{"self":[{"href":"https:\/\/colegiowelcomeschool.cl\/sitioweb\/wp-json\/wp\/v2\/pages\/7947","targetHints":{"allow":["GET"]}}],"collection":[{"href":"https:\/\/colegiowelcomeschool.cl\/sitioweb\/wp-json\/wp\/v2\/pages"}],"about":[{"href":"https:\/\/colegiowelcomeschool.cl\/sitioweb\/wp-json\/wp\/v2\/types\/page"}],"author":[{"embeddable":true,"href":"https:\/\/colegiowelcomeschool.cl\/sitioweb\/wp-json\/wp\/v2\/users\/2"}],"replies":[{"embeddable":true,"href":"https:\/\/colegiowelcomeschool.cl\/sitioweb\/wp-json\/wp\/v2\/comments?post=7947"}],"version-history":[{"count":11,"href":"https:\/\/colegiowelcomeschool.cl\/sitioweb\/wp-json\/wp\/v2\/pages\/7947\/revisions"}],"predecessor-version":[{"id":11740,"href":"https:\/\/colegiowelcomeschool.cl\/sitioweb\/wp-json\/wp\/v2\/pages\/7947\/revisions\/11740"}],"wp:attachment":[{"href":"https:\/\/colegiowelcomeschool.cl\/sitioweb\/wp-json\/wp\/v2\/media?parent=7947"}],"curies":[{"name":"wp","href":"https:\/\/api.w.org\/{rel}","templated":true}]}}