{"id":7945,"date":"2022-03-14T16:00:32","date_gmt":"2022-03-14T19:00:32","guid":{"rendered":"https:\/\/colegiowelcomeschool.cl\/sitioweb\/?page_id=7945"},"modified":"2023-09-25T09:55:33","modified_gmt":"2023-09-25T12:55:33","slug":"enfermeria","status":"publish","type":"page","link":"https:\/\/colegiowelcomeschool.cl\/sitioweb\/enfermeria\/","title":{"rendered":"PROTOCOLOS SALUD"},"content":{"rendered":"\n<p>Aqu\u00ed podr\u00e1 conocer el protocolo utilizado por personal de enfermer\u00eda del establecimiento educacional ante situaciones m\u00e9dicas b\u00e1sicas y de emergencia con los estudiantes.<\/p>\n\n\n\n<p><\/p>\n\n\n\n<p><a rel=\"noreferrer noopener\" aria-label=\"PROTOCOLO ANTE SITUACIONES DE EMERGENCIA EN SALUD, ENFERMER\u00cdA. (abre en una nueva pesta\u00f1a)\" href=\"https:\/\/colegiowelcomeschool.cl\/sitioweb\/wp-content\/uploads\/2023\/03\/PROTOCOLO-ENFERMERIA-colegio-welcome.pdf\" target=\"_blank\">PROTOCOLO ATENCI\u00d3N ENFERMER\u00cdA<\/a><\/p>\n\n\n\n<p>Adem\u00e1s nuestro establecimiento educacional cumple con la Ley N\u00b0 21.156, que estableci\u00f3 la obligaci\u00f3n de contar con desfibriladores externos autom\u00e1ticos en determinados lugares, el personal de enfermer\u00eda, adem\u00e1s de inspector\u00eda cuenta con la capacitaci\u00f3n pertinente para dar un correcto uso de este equipamiento en caso de una emergencia m\u00e9dica.<\/p>\n\n\n\n<p><\/p>\n","protected":false},"excerpt":{"rendered":"<p>Aqu\u00ed podr\u00e1 conocer el protocolo utilizado por personal de enfermer\u00eda del establecimiento educacional ante situaciones m\u00e9dicas b\u00e1sicas y de emergencia con los estudiantes. PROTOCOLO ATENCI\u00d3N ENFERMER\u00cdA Adem\u00e1s nuestro establecimiento educacional cumple con la Ley N\u00b0 21.156, que estableci\u00f3 la obligaci\u00f3n de contar con desfibriladores externos autom\u00e1ticos en determinados lugares, el [&hellip;]<\/p>\n","protected":false},"author":2,"featured_media":0,"parent":0,"menu_order":0,"comment_status":"closed","ping_status":"closed","template":"","meta":{"footnotes":""},"class_list":["post-7945","page","type-page","status-publish","hentry"],"_links":{"self":[{"href":"https:\/\/colegiowelcomeschool.cl\/sitioweb\/wp-json\/wp\/v2\/pages\/7945","targetHints":{"allow":["GET"]}}],"collection":[{"href":"https:\/\/colegiowelcomeschool.cl\/sitioweb\/wp-json\/wp\/v2\/pages"}],"about":[{"href":"https:\/\/colegiowelcomeschool.cl\/sitioweb\/wp-json\/wp\/v2\/types\/page"}],"author":[{"embeddable":true,"href":"https:\/\/colegiowelcomeschool.cl\/sitioweb\/wp-json\/wp\/v2\/users\/2"}],"replies":[{"embeddable":true,"href":"https:\/\/colegiowelcomeschool.cl\/sitioweb\/wp-json\/wp\/v2\/comments?post=7945"}],"version-history":[{"count":6,"href":"https:\/\/colegiowelcomeschool.cl\/sitioweb\/wp-json\/wp\/v2\/pages\/7945\/revisions"}],"predecessor-version":[{"id":10186,"href":"https:\/\/colegiowelcomeschool.cl\/sitioweb\/wp-json\/wp\/v2\/pages\/7945\/revisions\/10186"}],"wp:attachment":[{"href":"https:\/\/colegiowelcomeschool.cl\/sitioweb\/wp-json\/wp\/v2\/media?parent=7945"}],"curies":[{"name":"wp","href":"https:\/\/api.w.org\/{rel}","templated":true}]}}