{"id":7853,"date":"2022-03-14T15:57:07","date_gmt":"2022-03-14T18:57:07","guid":{"rendered":"https:\/\/colegiowelcomeschool.cl\/sitioweb\/?page_id=7853"},"modified":"2023-03-16T09:11:13","modified_gmt":"2023-03-16T12:11:13","slug":"uniforme-escolar","status":"publish","type":"page","link":"https:\/\/colegiowelcomeschool.cl\/sitioweb\/uniforme-escolar\/","title":{"rendered":"UNIFORME ESCOLAR"},"content":{"rendered":"\n<p>La desici\u00f3n del uso obligatorio del uniforme escolar es del establecimiento y se debe generar a partir del acuerdo entre el director, el Centro de Padres y Consejo de profesores, previa consulta al Centro de Alumnos y Comit\u00e9 de Seguridad Escolar. Las normas sobre su uso deben estar claramente se\u00f1aladas en el Reglamento Interno y si existe alg\u00fan cambio, el establecimiento deber\u00e1 comunicarlo en marzo de cada a\u00f1o.<\/p>\n\n\n\n<p>Seg\u00fan nuestro reglamento Interno, es deber de todo estudiante asistir al establecimiento con su uniforme, donde se flexibiliza el uso del buzo azul y polera institucional del colegio.<br>En clase de educaci\u00f3n f\u00edsica deber\u00e1 usar buzo o short azul marino, la polera destinada a esta actividad (otra polera aparte de la oficial) adem\u00e1s de contar con todos los accesorios necesarios para su higiene personal.<\/p>\n\n\n\n<p><strong>Alumnas:<\/strong><\/p>\n\n\n\n<ul class=\"wp-block-list\"><li>Las estudiantes del colegio pueden asistir con falda,  pantal\u00f3n o calza az\u00fal marino, poler\u00f3n azul marino (sin frases y\/o imagenes) y la polera institucional.<\/li><li>Deber\u00e1n asistir con su cabellera tomada.<\/li><li>Se prohibe el uso de maquillajes, piercing, u\u00f1as acrilicas, aros tipo argolla.<\/li><\/ul>\n\n\n\n<p><strong>Alumnos:<\/strong><\/p>\n\n\n\n<ul class=\"wp-block-list\"><li>Los estudiantes del colegio deben asistir con pantal\u00f3n gris, poler\u00f3n azul marino (sin frases y\/o imagenes) y la polera institucional. <\/li><\/ul>\n\n\n\n<p>Importante destacar que quienes no posean la polera institucional puede asistir con otra que cumpla con los colores institucionales (Color Rojo sin leyendas)<\/p>\n\n\n\n<p><strong>\u00bfQu\u00e9 logramos con esto del uso del uniforme?<\/strong><br><\/p>\n\n\n\n<p>El uniforme evitar\u00e1 que los estudiantes lleven prendas poco adecuadas, como por ejemplo camisetas de equipos de futbol o poleras con frases a veces ofensivas o de mal gusto.<br>Adem\u00e1s podemos mejorar la formalidad, crear ambientes de mayor pertenencia y cari\u00f1o hacia nuestra instituci\u00f3n, que nuestros alumnos se sientan parte de esta instituci\u00f3n educacional generando un mayor apego, lo que finalmente se traduce en una mejora en su aprendizaje.<\/p>\n\n\n\n<p>Si por alg\u00fan motivo no es posible que el o la estudiante concurra con el uniforme le recomendamos acercarse al establecimiento  para que se evalue su caso.<\/p>\n\n\n\n<p>Como colegio no contamos con fabricaci\u00f3n directa de los uniformes, pero presentamos convenio con los siguientes fabricantes:<\/p>\n\n\n\n<table class=\"wp-block-table has-subtle-pale-blue-background-color has-background\"><tbody><tr><td><strong>NOMBRE<\/strong><\/td><td><strong>CONTACTO<\/strong><\/td><td><strong>MAIL<\/strong><\/td><td><strong>DIRECCI\u00d3N<\/strong><\/td><\/tr><tr><td>Uniformes Karina<\/td><td>+56 9 86837154<\/td><td><em>NO DISPONIBLE<\/em><\/td><td>Mar de Om\u00e1n 5483, Pe\u00f1alol\u00e9n<\/td><\/tr><\/tbody><\/table>\n\n\n\n<ul class=\"wp-block-list\"><li><em>Los contactos informados son personas Independientes a nuestra instituci\u00f3n.<\/em><\/li><\/ul>\n","protected":false},"excerpt":{"rendered":"<p>La desici\u00f3n del uso obligatorio del uniforme escolar es del establecimiento y se debe generar a partir del acuerdo entre el director, el Centro de Padres y Consejo de profesores, previa consulta al Centro de Alumnos y Comit\u00e9 de Seguridad Escolar. Las normas sobre su uso deben estar claramente se\u00f1aladas [&hellip;]<\/p>\n","protected":false},"author":2,"featured_media":0,"parent":0,"menu_order":0,"comment_status":"closed","ping_status":"closed","template":"","meta":{"footnotes":""},"class_list":["post-7853","page","type-page","status-publish","hentry"],"_links":{"self":[{"href":"https:\/\/colegiowelcomeschool.cl\/sitioweb\/wp-json\/wp\/v2\/pages\/7853","targetHints":{"allow":["GET"]}}],"collection":[{"href":"https:\/\/colegiowelcomeschool.cl\/sitioweb\/wp-json\/wp\/v2\/pages"}],"about":[{"href":"https:\/\/colegiowelcomeschool.cl\/sitioweb\/wp-json\/wp\/v2\/types\/page"}],"author":[{"embeddable":true,"href":"https:\/\/colegiowelcomeschool.cl\/sitioweb\/wp-json\/wp\/v2\/users\/2"}],"replies":[{"embeddable":true,"href":"https:\/\/colegiowelcomeschool.cl\/sitioweb\/wp-json\/wp\/v2\/comments?post=7853"}],"version-history":[{"count":8,"href":"https:\/\/colegiowelcomeschool.cl\/sitioweb\/wp-json\/wp\/v2\/pages\/7853\/revisions"}],"predecessor-version":[{"id":9789,"href":"https:\/\/colegiowelcomeschool.cl\/sitioweb\/wp-json\/wp\/v2\/pages\/7853\/revisions\/9789"}],"wp:attachment":[{"href":"https:\/\/colegiowelcomeschool.cl\/sitioweb\/wp-json\/wp\/v2\/media?parent=7853"}],"curies":[{"name":"wp","href":"https:\/\/api.w.org\/{rel}","templated":true}]}}