{"id":7851,"date":"2022-03-14T15:57:07","date_gmt":"2022-03-14T18:57:07","guid":{"rendered":"https:\/\/colegiowelcomeschool.cl\/sitioweb\/?page_id=7851"},"modified":"2026-01-05T10:28:25","modified_gmt":"2026-01-05T13:28:25","slug":"lista-utiles-escolares","status":"publish","type":"page","link":"https:\/\/colegiowelcomeschool.cl\/sitioweb\/lista-utiles-escolares\/","title":{"rendered":"LISTA \u00daTILES ESCOLARES 2026"},"content":{"rendered":"\n<p>Aqu\u00ed podr\u00e1 encontrar la lista de \u00fatiles escolares correspondiente al a\u00f1o escolar 2026.<\/p>\n\n\n\n<figure class=\"wp-block-table\"><table class=\"has-fixed-layout\"><tbody><tr><td class=\"has-text-align-left\" data-align=\"left\"><strong>NIVEL<\/strong><\/td><td class=\"has-text-align-center\" data-align=\"center\"><strong>DOCUMENTO<\/strong><\/td><\/tr><tr><td class=\"has-text-align-left\" data-align=\"left\">Pre K\u00ednder &#8211; K\u00ednder<\/td><td class=\"has-text-align-center\" data-align=\"center\"><a href=\"https:\/\/colegiowelcomeschool.cl\/sitioweb\/wp-content\/uploads\/2026\/01\/LISTA-DE-UTILES-prebasica.docx.pdf\" data-type=\"link\" data-id=\"https:\/\/colegiowelcomeschool.cl\/sitioweb\/wp-content\/uploads\/2026\/01\/LISTA-DE-UTILES-prebasica.docx.pdf\" target=\"_blank\" rel=\"noreferrer noopener\">Descargar<\/a><\/td><\/tr><tr><td class=\"has-text-align-left\" data-align=\"left\">1\u00b0 B\u00e1sico<\/td><td class=\"has-text-align-center\" data-align=\"center\"><a href=\"https:\/\/colegiowelcomeschool.cl\/sitioweb\/wp-content\/uploads\/2025\/12\/LISTA-UTILES-1\u00b0BASICO.pdf\" data-type=\"link\" data-id=\"https:\/\/colegiowelcomeschool.cl\/sitioweb\/wp-content\/uploads\/2025\/12\/LISTA-UTILES-1\u00b0BASICO.pdf\" target=\"_blank\" rel=\"noreferrer noopener\">Descargar<\/a><\/td><\/tr><tr><td class=\"has-text-align-left\" data-align=\"left\">2\u00b0 B\u00e1sico<\/td><td class=\"has-text-align-center\" data-align=\"center\"><a href=\"https:\/\/colegiowelcomeschool.cl\/sitioweb\/wp-content\/uploads\/2025\/12\/LISTA-UTILES-2\u00b0-BASICO.pdf\" data-type=\"link\" data-id=\"https:\/\/colegiowelcomeschool.cl\/sitioweb\/wp-content\/uploads\/2025\/12\/LISTA-UTILES-2\u00b0-BASICO.pdf\" target=\"_blank\" rel=\"noreferrer noopener\">Descargar<\/a><\/td><\/tr><tr><td class=\"has-text-align-left\" data-align=\"left\">3\u00b0 y 4\u00b0 B\u00e1sico<\/td><td class=\"has-text-align-center\" data-align=\"center\"><a href=\"https:\/\/colegiowelcomeschool.cl\/sitioweb\/wp-content\/uploads\/2026\/01\/LISTA-DE-UTILES-DE-3\u00b0-y-4\u00b0.docx.pdf\" data-type=\"link\" data-id=\"https:\/\/colegiowelcomeschool.cl\/sitioweb\/wp-content\/uploads\/2026\/01\/LISTA-DE-UTILES-DE-3\u00b0-y-4\u00b0.docx.pdf\" target=\"_blank\" rel=\"noreferrer noopener\">Descargar<\/a><\/td><\/tr><tr><td class=\"has-text-align-left\" data-align=\"left\">5\u00b0 a 8\u00b0 B\u00e1sico<\/td><td class=\"has-text-align-center\" data-align=\"center\"><a href=\"https:\/\/colegiowelcomeschool.cl\/sitioweb\/wp-content\/uploads\/2025\/12\/LISTA-DE-UTILES-DE-5\u00b0-A-8\u00b0-BASICO.docx.pdf\" data-type=\"link\" data-id=\"https:\/\/colegiowelcomeschool.cl\/sitioweb\/wp-content\/uploads\/2025\/12\/LISTA-DE-UTILES-DE-5\u00b0-A-8\u00b0-BASICO.docx.pdf\" target=\"_blank\" rel=\"noreferrer noopener\">Descargar<\/a><\/td><\/tr><\/tbody><\/table><\/figure>\n\n\n\n<p>Ante dudas o consultas, puede contactarse al mail <strong>contacto@welcomeschool.cl<\/strong><\/p>\n\n\n\n<p><\/p>\n","protected":false},"excerpt":{"rendered":"<p>Aqu\u00ed podr\u00e1 encontrar la lista de \u00fatiles escolares correspondiente al a\u00f1o escolar 2026. NIVEL DOCUMENTO Pre K\u00ednder &#8211; K\u00ednder Descargar 1\u00b0 B\u00e1sico Descargar 2\u00b0 B\u00e1sico Descargar 3\u00b0 y 4\u00b0 B\u00e1sico Descargar 5\u00b0 a 8\u00b0 B\u00e1sico Descargar Ante dudas o consultas, puede contactarse al mail contacto@welcomeschool.cl<\/p>\n","protected":false},"author":2,"featured_media":0,"parent":0,"menu_order":0,"comment_status":"closed","ping_status":"closed","template":"","meta":{"footnotes":""},"class_list":["post-7851","page","type-page","status-publish","hentry"],"_links":{"self":[{"href":"https:\/\/colegiowelcomeschool.cl\/sitioweb\/wp-json\/wp\/v2\/pages\/7851","targetHints":{"allow":["GET"]}}],"collection":[{"href":"https:\/\/colegiowelcomeschool.cl\/sitioweb\/wp-json\/wp\/v2\/pages"}],"about":[{"href":"https:\/\/colegiowelcomeschool.cl\/sitioweb\/wp-json\/wp\/v2\/types\/page"}],"author":[{"embeddable":true,"href":"https:\/\/colegiowelcomeschool.cl\/sitioweb\/wp-json\/wp\/v2\/users\/2"}],"replies":[{"embeddable":true,"href":"https:\/\/colegiowelcomeschool.cl\/sitioweb\/wp-json\/wp\/v2\/comments?post=7851"}],"version-history":[{"count":18,"href":"https:\/\/colegiowelcomeschool.cl\/sitioweb\/wp-json\/wp\/v2\/pages\/7851\/revisions"}],"predecessor-version":[{"id":11700,"href":"https:\/\/colegiowelcomeschool.cl\/sitioweb\/wp-json\/wp\/v2\/pages\/7851\/revisions\/11700"}],"wp:attachment":[{"href":"https:\/\/colegiowelcomeschool.cl\/sitioweb\/wp-json\/wp\/v2\/media?parent=7851"}],"curies":[{"name":"wp","href":"https:\/\/api.w.org\/{rel}","templated":true}]}}