{"id":7843,"date":"2022-03-14T15:57:06","date_gmt":"2022-03-14T18:57:06","guid":{"rendered":"https:\/\/colegiowelcomeschool.cl\/sitioweb\/?page_id=7843"},"modified":"2024-08-05T13:10:00","modified_gmt":"2024-08-05T16:10:00","slug":"educacion-parvularia","status":"publish","type":"page","link":"https:\/\/colegiowelcomeschool.cl\/sitioweb\/educacion-parvularia\/","title":{"rendered":"EDUCACI\u00d3N PARVULARIA"},"content":{"rendered":"\n<p><strong>\u00bfQUIENES SOMOS?<\/strong><\/p>\n\n\n\n<p>Somos con&nbsp; un equipo de educadoras y&nbsp;t\u00e9cnicos en p\u00e1rvulos. Adem\u00e1s,&nbsp;contamos con&nbsp;equipo multidisciplinario con Proyecto Integraci\u00f3n Escolar PIE,&nbsp; compuesto por&nbsp;Educadora diferencial, Fonoaudi\u00f3loga y Psic\u00f3logo.<\/p>\n\n\n\n<p>Favorecemos los aprendizajes en toda instancia para la participaci\u00f3n de todos los y las estudiantes , especialmente aquellos que presentan NEP (Necesidades Educativas Especiales)&nbsp;&nbsp;<\/p>\n\n\n<div class=\"wp-block-image\">\n<figure class=\"aligncenter size-full\"><a href=\"https:\/\/colegiowelcomeschool.cl\/sitioweb\/wp-content\/uploads\/2024\/08\/Imagen1.png\"><img decoding=\"async\" src=\"https:\/\/colegiowelcomeschool.cl\/sitioweb\/wp-content\/uploads\/2024\/08\/Imagen1.png\" alt=\"\" class=\"wp-image-10621\"\/><\/a><\/figure>\n<\/div>\n\n\n<p><strong>NUESTRO COMPROMISO<\/strong><\/p>\n\n\n\n<p>Cari\u00f1o y dedicaci\u00f3n. Sabemos la importancia de que los ni\u00f1os y ni\u00f1as reciban mucho cari\u00f1o y atenci\u00f3n&nbsp; durante sus primeros a\u00f1os de vida.<\/p>\n\n\n\n<p><\/p>\n\n\n\n<p><\/p>\n\n\n\n<p><strong>NIVELES DE ATENCI\u00d3N Y EDAD PARA INGRESAR<\/strong><\/p>\n\n\n\n<ul class=\"wp-block-list\">\n<li><strong>1\u00ba Nivel de Transici\u00f3n  (Pre \u2013 K\u00ednder):<\/strong> 4 a\u00f1os cumplidos al 31 de Marzo.<\/li>\n\n\n\n<li><strong>2\u00ba Nivel de Transici\u00f3n (K\u00ednder)<\/strong>: 5 a\u00f1os&nbsp;cumplidos al 31 de Marzo.<\/li>\n<\/ul>\n\n\n<div class=\"wp-block-image\">\n<figure class=\"aligncenter size-full is-resized\"><a href=\"https:\/\/colegiowelcomeschool.cl\/sitioweb\/wp-content\/uploads\/2024\/08\/Imagen4.png\"><img decoding=\"async\" src=\"https:\/\/colegiowelcomeschool.cl\/sitioweb\/wp-content\/uploads\/2024\/08\/Imagen4.png\" alt=\"\" class=\"wp-image-10624\" style=\"width:398px;height:auto\"\/><\/a><\/figure>\n<\/div>\n\n\n<p><strong>HORARIOS<\/strong><\/p>\n\n\n\n<ul class=\"wp-block-list\">\n<li><strong>Jornada Ma\u00f1ana:<\/strong> 8:30 a 13:15 horas.<\/li>\n\n\n\n<li><strong>Jornada Tarde:<\/strong> 14:00 a 18:30 horas.<\/li>\n<\/ul>\n\n\n\n<p><\/p>\n\n\n\n<ul class=\"wp-block-list\">\n<li>Nos preocupamos de entregar un ambiente seguro, en donde los ni\u00f1os y ni\u00f1as se sientan protegidos.<\/li>\n<\/ul>\n\n\n\n<ul class=\"wp-block-list\">\n<li>Nos preocupamos de entregar una alimentaci\u00f3n sana y balanceada, acorde a la edad de los y las estudiantes.<\/li>\n\n\n\n<li>Fomentamos el desarrollo de habilidades, conocimientos y capacidades de ni\u00f1os y ni\u00f1as en sus distintas etapas de crecimiento.&nbsp;<\/li>\n\n\n\n<li>Nos preocupamos de estimular el inter\u00e9s por el ejercicio y la actividad f\u00edsica con profesionales altamente preparados en esta \u00e1rea.<\/li>\n\n\n\n<li>Estimulamos la interacci\u00f3n y la comunicaci\u00f3n entre ni\u00f1os y ni\u00f1as para el logro de un \u00f3ptimo desarrollo social \u2013 afectivo.<\/li>\n\n\n\n<li>Incluimos a los padres\/ apoderados en las diversas actividades planificadas.<\/li>\n\n\n\n<li>Reconociendo a los padres\/ apoderados como pilar fundamental para proceso de ense\u00f1anza aprendizaje.<\/li>\n<\/ul>\n\n\n<div class=\"wp-block-image\">\n<figure class=\"aligncenter size-full is-resized\"><a href=\"https:\/\/colegiowelcomeschool.cl\/sitioweb\/wp-content\/uploads\/2024\/08\/Imagen6.png\"><img decoding=\"async\" src=\"https:\/\/colegiowelcomeschool.cl\/sitioweb\/wp-content\/uploads\/2024\/08\/Imagen6.png\" alt=\"\" class=\"wp-image-10625\" style=\"width:367px;height:auto\"\/><\/a><\/figure>\n<\/div>","protected":false},"excerpt":{"rendered":"<p>\u00bfQUIENES SOMOS? Somos con&nbsp; un equipo de educadoras y&nbsp;t\u00e9cnicos en p\u00e1rvulos. Adem\u00e1s,&nbsp;contamos con&nbsp;equipo multidisciplinario con Proyecto Integraci\u00f3n Escolar PIE,&nbsp; compuesto por&nbsp;Educadora diferencial, Fonoaudi\u00f3loga y Psic\u00f3logo. Favorecemos los aprendizajes en toda instancia para la participaci\u00f3n de todos los y las estudiantes , especialmente aquellos que presentan NEP (Necesidades Educativas Especiales)&nbsp;&nbsp; NUESTRO [&hellip;]<\/p>\n","protected":false},"author":2,"featured_media":0,"parent":0,"menu_order":0,"comment_status":"closed","ping_status":"closed","template":"","meta":{"footnotes":""},"class_list":["post-7843","page","type-page","status-publish","hentry"],"_links":{"self":[{"href":"https:\/\/colegiowelcomeschool.cl\/sitioweb\/wp-json\/wp\/v2\/pages\/7843","targetHints":{"allow":["GET"]}}],"collection":[{"href":"https:\/\/colegiowelcomeschool.cl\/sitioweb\/wp-json\/wp\/v2\/pages"}],"about":[{"href":"https:\/\/colegiowelcomeschool.cl\/sitioweb\/wp-json\/wp\/v2\/types\/page"}],"author":[{"embeddable":true,"href":"https:\/\/colegiowelcomeschool.cl\/sitioweb\/wp-json\/wp\/v2\/users\/2"}],"replies":[{"embeddable":true,"href":"https:\/\/colegiowelcomeschool.cl\/sitioweb\/wp-json\/wp\/v2\/comments?post=7843"}],"version-history":[{"count":5,"href":"https:\/\/colegiowelcomeschool.cl\/sitioweb\/wp-json\/wp\/v2\/pages\/7843\/revisions"}],"predecessor-version":[{"id":10629,"href":"https:\/\/colegiowelcomeschool.cl\/sitioweb\/wp-json\/wp\/v2\/pages\/7843\/revisions\/10629"}],"wp:attachment":[{"href":"https:\/\/colegiowelcomeschool.cl\/sitioweb\/wp-json\/wp\/v2\/media?parent=7843"}],"curies":[{"name":"wp","href":"https:\/\/api.w.org\/{rel}","templated":true}]}}