{"id":7633,"date":"2021-10-06T11:22:07","date_gmt":"2021-10-06T14:22:07","guid":{"rendered":"https:\/\/colegiowelcomeschool.cl\/sitioweb\/?page_id=7633"},"modified":"2026-03-04T13:57:49","modified_gmt":"2026-03-04T16:57:49","slug":"informativos","status":"publish","type":"page","link":"https:\/\/colegiowelcomeschool.cl\/sitioweb\/informativos\/","title":{"rendered":"CIRCULARES 2026"},"content":{"rendered":"\n<p>Aqu\u00ed encontrar\u00e1 los \u00faltimos informativos enviados a nuestra comunidad escolar:<\/p>\n\n\n\n<figure class=\"wp-block-table\"><table class=\"has-subtle-pale-blue-background-color has-background has-fixed-layout\"><tbody><tr><td><strong>N\u00ba CIRCULAR<\/strong><\/td><td><strong>FECHA<\/strong><\/td><td><strong>MOTIVO<\/strong><\/td><td><strong>EMITIDO POR<\/strong><\/td><td><strong>DIRIGIDO A<\/strong><\/td><td><strong>DOCUMENTO<\/strong><\/td><\/tr><tr><td>01<\/td><td>04-03-2026<\/td><td>Regulaci\u00f3n uso Celulares<\/td><td>Direcci\u00f3n<\/td><td>Toda la comunidad escolar.<\/td><td><a href=\"https:\/\/colegiowelcomeschool.cl\/sitioweb\/wp-content\/uploads\/2026\/03\/PROHIBICION-DE-CELULARES.pdf\" data-type=\"link\" data-id=\"https:\/\/colegiowelcomeschool.cl\/sitioweb\/wp-content\/uploads\/2026\/03\/PROHIBICION-DE-CELULARES.pdf\" target=\"_blank\" rel=\"noreferrer noopener\">Ver Documento<\/a><\/td><\/tr><tr><td><\/td><td><\/td><td><\/td><td><\/td><td><\/td><td><\/td><\/tr><tr><td><\/td><td><\/td><td><\/td><td><\/td><td><\/td><td><\/td><\/tr><tr><td><\/td><td><\/td><td><\/td><td><\/td><td><\/td><td><\/td><\/tr><tr><td><\/td><td><\/td><td><\/td><td><\/td><td><\/td><td><\/td><\/tr><tr><td><\/td><td><\/td><td><\/td><td><\/td><td><\/td><td><\/td><\/tr><tr><td><\/td><td><\/td><td><\/td><td><\/td><td><\/td><td><\/td><\/tr><tr><td><\/td><td><\/td><td><\/td><td><\/td><td><\/td><td><\/td><\/tr><tr><td><\/td><td><\/td><td><\/td><td><\/td><td><\/td><td><\/td><\/tr><tr><td><\/td><td><\/td><td><\/td><td><\/td><td><\/td><td><\/td><\/tr><tr><td><\/td><td><\/td><td><\/td><td><\/td><td><\/td><td><\/td><\/tr><\/tbody><\/table><\/figure>\n","protected":false},"excerpt":{"rendered":"<p>Aqu\u00ed encontrar\u00e1 los \u00faltimos informativos enviados a nuestra comunidad escolar: N\u00ba CIRCULAR FECHA MOTIVO EMITIDO POR DIRIGIDO A DOCUMENTO 01 04-03-2026 Regulaci\u00f3n uso Celulares Direcci\u00f3n Toda la comunidad escolar. Ver Documento<\/p>\n","protected":false},"author":2,"featured_media":0,"parent":0,"menu_order":0,"comment_status":"closed","ping_status":"closed","template":"","meta":{"footnotes":""},"class_list":["post-7633","page","type-page","status-publish","hentry"],"_links":{"self":[{"href":"https:\/\/colegiowelcomeschool.cl\/sitioweb\/wp-json\/wp\/v2\/pages\/7633","targetHints":{"allow":["GET"]}}],"collection":[{"href":"https:\/\/colegiowelcomeschool.cl\/sitioweb\/wp-json\/wp\/v2\/pages"}],"about":[{"href":"https:\/\/colegiowelcomeschool.cl\/sitioweb\/wp-json\/wp\/v2\/types\/page"}],"author":[{"embeddable":true,"href":"https:\/\/colegiowelcomeschool.cl\/sitioweb\/wp-json\/wp\/v2\/users\/2"}],"replies":[{"embeddable":true,"href":"https:\/\/colegiowelcomeschool.cl\/sitioweb\/wp-json\/wp\/v2\/comments?post=7633"}],"version-history":[{"count":33,"href":"https:\/\/colegiowelcomeschool.cl\/sitioweb\/wp-json\/wp\/v2\/pages\/7633\/revisions"}],"predecessor-version":[{"id":11715,"href":"https:\/\/colegiowelcomeschool.cl\/sitioweb\/wp-json\/wp\/v2\/pages\/7633\/revisions\/11715"}],"wp:attachment":[{"href":"https:\/\/colegiowelcomeschool.cl\/sitioweb\/wp-json\/wp\/v2\/media?parent=7633"}],"curies":[{"name":"wp","href":"https:\/\/api.w.org\/{rel}","templated":true}]}}