{"id":5972,"date":"2020-04-10T17:16:03","date_gmt":"2020-04-10T20:16:03","guid":{"rendered":"https:\/\/colegiowelcomeschool.cl\/sitioweb\/?page_id=5972"},"modified":"2022-03-16T09:10:07","modified_gmt":"2022-03-16T12:10:07","slug":"biblioteca-digital","status":"publish","type":"page","link":"https:\/\/colegiowelcomeschool.cl\/sitioweb\/biblioteca-digital\/","title":{"rendered":"BIBLIOTECA DIGITAL"},"content":{"rendered":"\n<p>Ante la realidad que estamos viviendo como pa\u00eds y con el prop\u00f3sito de continuar estimulando el h\u00e1bito y fomento lector es que&nbsp;ponemos a su disposici\u00f3n&nbsp;la <strong>Biblioteca Digital Escolar (BDE)<\/strong>,&nbsp;&nbsp;que es para estudiantes&nbsp;&nbsp;desde Pre-k\u00ednder a 8\u00b0 a\u00f1o b\u00e1sico , docentes y funcionarios del establecimiento, es un recurso gratuito, con m\u00e1s de diez mil libros para ni\u00f1os, adolescentes y adultos.&nbsp;<\/p>\n\n\n\n<div class=\"wp-block-image\"><figure class=\"alignleft is-resized\"><img loading=\"lazy\" decoding=\"async\" src=\"https:\/\/colegiowelcomeschool.cl\/sitioweb\/wp-content\/uploads\/2020\/04\/Imagen-1-510x277.png\" alt=\"\" class=\"wp-image-5984\" width=\"590\" height=\"320\"\/><\/figure><\/div>\n\n\n\n<p><\/p>\n\n\n\n<p>Para acceder debes visitar la p\u00e1gina <a rel=\"noreferrer noopener\" aria-label=\" (abre en una nueva pesta\u00f1a)\" href=\"https:\/\/bdescolar.mineduc.cl\/\" target=\"_blank\">https:\/\/bdescolar.mineduc.cl\/<\/a> <\/p>\n\n\n\n<p>Tambi\u00e9n puedes descargar la <strong>APP BPDIGITAL<\/strong> desde <a href=\"https:\/\/play.google.com\/store\/apps\/details?id=es.odilo.dibam&amp;hl=es_419&amp;gl=US\" target=\"_blank\" rel=\"noreferrer noopener\" aria-label=\"Google Play Store (abre en una nueva pesta\u00f1a)\">Google Play Store<\/a> o AppStore.<\/p>\n\n\n\n<p>Para ingresar, debes realizarlo con el RUN del alumno(a) Sin d\u00edgito verificador ni puntos.<\/p>\n\n\n\n<p>Como contrase\u00f1a de ingreso es: <strong>CRA123<\/strong> (Con may\u00fasculas) Posteriormente la puedes cambiar por una de tu preferencia.<\/p>\n\n\n\n<p>Si tienes problemas para acceder puedes comunicarte al <strong>600 600 2626 opci\u00f3n 8<\/strong><\/p>\n\n\n\n<p><\/p>\n\n\n<p><!-- \/wp:post-content --><\/p>\n<p><!-- wp:paragraph --><\/p>\n<p><!-- \/wp:paragraph --><\/p>\n<p><!-- \/wp:paragraph --><\/p>\n<p><!-- wp:paragraph --><\/p>\n<p><\/p>\n<p><!-- \/wp:paragraph --><\/p>\n<p><!-- \/wp:paragraph --><\/p>\n<p><!-- wp:paragraph --><\/p>\n<p><\/p>\n<p><!-- \/wp:paragraph --><\/p>","protected":false},"excerpt":{"rendered":"<p>Ante la realidad que estamos viviendo como pa\u00eds y con el prop\u00f3sito de continuar estimulando el h\u00e1bito y fomento lector es que&nbsp;ponemos a su disposici\u00f3n&nbsp;la Biblioteca Digital Escolar (BDE),&nbsp;&nbsp;que es para estudiantes&nbsp;&nbsp;desde Pre-k\u00ednder a 8\u00b0 a\u00f1o b\u00e1sico , docentes y funcionarios del establecimiento, es un recurso gratuito, con m\u00e1s de [&hellip;]<\/p>\n","protected":false},"author":2,"featured_media":0,"parent":0,"menu_order":0,"comment_status":"closed","ping_status":"closed","template":"","meta":{"footnotes":""},"class_list":["post-5972","page","type-page","status-publish","hentry"],"_links":{"self":[{"href":"https:\/\/colegiowelcomeschool.cl\/sitioweb\/wp-json\/wp\/v2\/pages\/5972","targetHints":{"allow":["GET"]}}],"collection":[{"href":"https:\/\/colegiowelcomeschool.cl\/sitioweb\/wp-json\/wp\/v2\/pages"}],"about":[{"href":"https:\/\/colegiowelcomeschool.cl\/sitioweb\/wp-json\/wp\/v2\/types\/page"}],"author":[{"embeddable":true,"href":"https:\/\/colegiowelcomeschool.cl\/sitioweb\/wp-json\/wp\/v2\/users\/2"}],"replies":[{"embeddable":true,"href":"https:\/\/colegiowelcomeschool.cl\/sitioweb\/wp-json\/wp\/v2\/comments?post=5972"}],"version-history":[{"count":18,"href":"https:\/\/colegiowelcomeschool.cl\/sitioweb\/wp-json\/wp\/v2\/pages\/5972\/revisions"}],"predecessor-version":[{"id":8411,"href":"https:\/\/colegiowelcomeschool.cl\/sitioweb\/wp-json\/wp\/v2\/pages\/5972\/revisions\/8411"}],"wp:attachment":[{"href":"https:\/\/colegiowelcomeschool.cl\/sitioweb\/wp-json\/wp\/v2\/media?parent=5972"}],"curies":[{"name":"wp","href":"https:\/\/api.w.org\/{rel}","templated":true}]}}