{"id":3259,"date":"2018-11-12T09:57:18","date_gmt":"2018-11-12T12:57:18","guid":{"rendered":"https:\/\/colegiowelcomeschool.cl\/sitioweb\/?page_id=3259"},"modified":"2018-11-20T11:17:29","modified_gmt":"2018-11-20T14:17:29","slug":"nuestro-colegio","status":"publish","type":"page","link":"https:\/\/colegiowelcomeschool.cl\/sitioweb\/nuestro-colegio\/","title":{"rendered":"NUESTRO COLEGIO"},"content":{"rendered":"<p>&nbsp;<\/p>\n<p>Nuestro colegio se encuentra ubicado en el Sector de San Luis de Macul, Comuna de Pe\u00f1alol\u00e9n, Cuenta con un terreno de 2937 m<sup>2, <\/sup>de los cuales 1756 m<sup>2<\/sup> se encuentran construidos.<\/p>\n<p><img loading=\"lazy\" decoding=\"async\" class=\"wp-image-3913 alignright\" src=\"https:\/\/colegiowelcomeschool.cl\/sitioweb\/wp-content\/uploads\/2018\/11\/fachada-510x400.jpg\" alt=\"\" width=\"370\" height=\"290\" \/><\/p>\n<p>Nuestro establecimiento se compone de 2 \u00c1reas, una destinada a los alumnos de Educaci\u00f3n B\u00e1sica y la otra \u00e1rea destinada a los m\u00e1s peque\u00f1itos de la Pre-B\u00e1sica<\/p>\n<p>Contamos con 16 salones de clases, todos equipados con sistemas audiovisuales (Proyector, Parlantes)<\/p>\n<p>Adicionalmente nuestro colegio cuenta con:<\/p>\n<ul>\n<li>Laboratorio de Ciencias<\/li>\n<li>Laboratorio de Computaci\u00f3n<\/li>\n<li>Biblioteca (CRA)<\/li>\n<li>Casino<\/li>\n<li>Enfermer\u00eda<\/li>\n<li>Multicancha<\/li>\n<li>Juegos de patio para los m\u00e1s peque\u00f1itos<\/li>\n<li>Mesas de Ping Pong<\/li>\n<li>Juegos de Taca-Taca<\/li>\n<\/ul>\n<p>Somos un Establecimiento Particular Subvencionado, totalmente gratuito y sin fines de lucro.<\/p>\n<p>&nbsp;<\/p>\n<p><img loading=\"lazy\" decoding=\"async\" class=\"wp-image-3917 alignright\" src=\"https:\/\/colegiowelcomeschool.cl\/sitioweb\/wp-content\/uploads\/2018\/11\/zulema-510x383.jpg\" alt=\"\" width=\"280\" height=\"210\" \/><\/p>\n<p><img loading=\"lazy\" decoding=\"async\" class=\"wp-image-3915 alignleft\" src=\"https:\/\/colegiowelcomeschool.cl\/sitioweb\/wp-content\/uploads\/2018\/11\/patio2-1-510x383.jpg\" alt=\"\" width=\"280\" height=\"210\" \/><\/p>\n<p><img loading=\"lazy\" decoding=\"async\" class=\"aligncenter size-large wp-image-3919\" src=\"https:\/\/colegiowelcomeschool.cl\/sitioweb\/wp-content\/uploads\/2018\/11\/labcomp-510x382.jpg\" alt=\"\" width=\"280\" height=\"210\" \/><\/p>\n<p>&nbsp;<\/p>\n<p><img loading=\"lazy\" decoding=\"async\" class=\"alignleft\" src=\"https:\/\/colegiowelcomeschool.cl\/sitioweb\/wp-content\/uploads\/2018\/11\/patio1-510x382.jpg\" alt=\"\" width=\"280\" height=\"210\" \/><\/p>\n<p><img loading=\"lazy\" decoding=\"async\" class=\"wp-image-3921 alignright\" src=\"https:\/\/colegiowelcomeschool.cl\/sitioweb\/wp-content\/uploads\/2018\/11\/lab-cis-510x442.jpg\" alt=\"\" width=\"243\" height=\"211\" \/><\/p>\n<p><img loading=\"lazy\" decoding=\"async\" class=\"size-large wp-image-3923 aligncenter\" src=\"https:\/\/colegiowelcomeschool.cl\/sitioweb\/wp-content\/uploads\/2018\/11\/IMG_3836-510x383.jpg\" alt=\"\" width=\"280\" height=\"210\" \/><\/p>\n","protected":false},"excerpt":{"rendered":"<p>&nbsp; Nuestro colegio se encuentra ubicado en el Sector de San Luis de Macul, Comuna de Pe\u00f1alol\u00e9n, Cuenta con un terreno de 2937 m2, de los cuales 1756 m2 se encuentran construidos. Nuestro establecimiento se compone de 2 \u00c1reas, una destinada a los alumnos de Educaci\u00f3n B\u00e1sica y la otra [&hellip;]<\/p>\n","protected":false},"author":2,"featured_media":0,"parent":0,"menu_order":0,"comment_status":"closed","ping_status":"closed","template":"","meta":{"footnotes":""},"class_list":["post-3259","page","type-page","status-publish","hentry"],"_links":{"self":[{"href":"https:\/\/colegiowelcomeschool.cl\/sitioweb\/wp-json\/wp\/v2\/pages\/3259","targetHints":{"allow":["GET"]}}],"collection":[{"href":"https:\/\/colegiowelcomeschool.cl\/sitioweb\/wp-json\/wp\/v2\/pages"}],"about":[{"href":"https:\/\/colegiowelcomeschool.cl\/sitioweb\/wp-json\/wp\/v2\/types\/page"}],"author":[{"embeddable":true,"href":"https:\/\/colegiowelcomeschool.cl\/sitioweb\/wp-json\/wp\/v2\/users\/2"}],"replies":[{"embeddable":true,"href":"https:\/\/colegiowelcomeschool.cl\/sitioweb\/wp-json\/wp\/v2\/comments?post=3259"}],"version-history":[{"count":4,"href":"https:\/\/colegiowelcomeschool.cl\/sitioweb\/wp-json\/wp\/v2\/pages\/3259\/revisions"}],"predecessor-version":[{"id":8403,"href":"https:\/\/colegiowelcomeschool.cl\/sitioweb\/wp-json\/wp\/v2\/pages\/3259\/revisions\/8403"}],"wp:attachment":[{"href":"https:\/\/colegiowelcomeschool.cl\/sitioweb\/wp-json\/wp\/v2\/media?parent=3259"}],"curies":[{"name":"wp","href":"https:\/\/api.w.org\/{rel}","templated":true}]}}