{"id":11348,"date":"2025-06-10T16:14:08","date_gmt":"2025-06-10T19:14:08","guid":{"rendered":"https:\/\/colegiowelcomeschool.cl\/sitioweb\/?page_id=11348"},"modified":"2025-06-10T16:29:59","modified_gmt":"2025-06-10T19:29:59","slug":"semana-de-la-inclusion","status":"publish","type":"page","link":"https:\/\/colegiowelcomeschool.cl\/sitioweb\/semana-de-la-inclusion\/","title":{"rendered":"SEMANA DE LA INCLUSI\u00d3N"},"content":{"rendered":"\n<p>La <strong>Semana de la Inclusi\u00f3n<\/strong> es una iniciativa que busca <strong>sensibilizar, educar y promover valores de respeto, igualdad y aceptaci\u00f3n de la diversidad<\/strong> en todos los \u00e1mbitos de la sociedad: escuelas, lugares de trabajo, comunidades y espacios p\u00fablicos.<\/p>\n\n\n\n<p><strong>Objetivos principales:<\/strong><\/p>\n\n\n\n<ol start=\"1\" class=\"wp-block-list\">\n<li><strong>Fomentar el respeto y la empat\u00eda<\/strong> hacia las diferencias.<\/li>\n\n\n\n<li><strong>Romper estereotipos y prejuicios<\/strong> que generan exclusi\u00f3n o discriminaci\u00f3n.<\/li>\n\n\n\n<li><strong>Promover entornos accesibles y equitativos<\/strong> para todas las personas.<\/li>\n\n\n\n<li><strong>Educar en valores<\/strong> de convivencia, justicia social y participaci\u00f3n.<\/li>\n\n\n\n<li><strong>Visibilizar los derechos<\/strong> de los grupos hist\u00f3ricamente marginados.<\/li>\n<\/ol>\n\n\n\n<p><strong>\u00bfQu\u00e9 actividades que se realizaron?<\/strong><\/p>\n\n\n\n<p>Las actividades var\u00edan seg\u00fan la instituci\u00f3n, pero pueden incluir:<\/p>\n\n\n\n<ul class=\"wp-block-list\">\n<li>DIA SENSORIAL<\/li>\n\n\n\n<li>LIENZO<\/li>\n\n\n\n<li>ROMPE CABEZA<\/li>\n\n\n\n<li>DESFILE DE PEINADOS Y GORROS LOCOS<\/li>\n\n\n\n<li>CUENTA CUENTO<\/li>\n<\/ul>\n\n\n\n<p>El colegio es uno de los <strong>lugares m\u00e1s importantes para promover la inclusi\u00f3n<\/strong>, porque es donde los ni\u00f1os y j\u00f3venes aprenden no solo conocimientos, sino tambi\u00e9n <strong>valores de respeto, empat\u00eda y convivencia<\/strong>.<\/p>\n\n\n<style type=\"text\/css\">.easingslider-11367 { max-width: 640px; }.easingslider-11367 .easingslider-image { max-height: 400px; max-width: 640px; }.easingslider-11367 .easingslider-fade-in, .easingslider-fade-out { -webkit-animation-duration: 400ms; -moz-animation-duration: 400ms; animation-duration: 400ms; }<\/style><script type=\"text\/javascript\">window.EasingSlider11367 = {\"width\":640,\"height\":400,\"singleItem\":true,\"items\":1,\"itemsDesktop\":false,\"itemsDesktopSmall\":false,\"itemsTablet\":false,\"itemsTabletSmall\":false,\"itemsMobile\":false,\"responsive\":true,\"lazyLoad\":true,\"autoPlay\":4000,\"slideSpeed\":400,\"navigation\":true,\"navigationText\":[\"\",\"\"],\"pagination\":true,\"autoHeight\":false,\"mouseDrag\":false,\"touchDrag\":false,\"addClassActive\":true,\"transitionStyle\":\"fade\"};<\/script><div data-id=\"11367\" class=\"easingslider easingslider-11367 easingslider-container easingslider-resizing-enabled easingslider-aspect-ratio easingslider-arrows-inside easingslider-pagination-inside easingslider-pagination-bottom-center\"><div class=\"easingslider-slide\"><img decoding=\"async\" src=\"https:\/\/colegiowelcomeschool.cl\/sitioweb\/wp-content\/plugins\/easing-slider\/assets\/images\/placeholder-pixel.png\" data-src=\"https:\/\/colegiowelcomeschool.cl\/sitioweb\/wp-content\/uploads\/2025\/06\/3-640x400.jpg\" alt=\"\" title=\"\" class=\"easingslider-image easingslider-lazy\" \/><\/div><div class=\"easingslider-slide\"><img decoding=\"async\" src=\"https:\/\/colegiowelcomeschool.cl\/sitioweb\/wp-content\/plugins\/easing-slider\/assets\/images\/placeholder-pixel.png\" data-src=\"https:\/\/colegiowelcomeschool.cl\/sitioweb\/wp-content\/uploads\/2025\/06\/4-640x400.jpg\" alt=\"\" title=\"\" class=\"easingslider-image easingslider-lazy\" \/><\/div><div class=\"easingslider-slide\"><img decoding=\"async\" src=\"https:\/\/colegiowelcomeschool.cl\/sitioweb\/wp-content\/plugins\/easing-slider\/assets\/images\/placeholder-pixel.png\" data-src=\"https:\/\/colegiowelcomeschool.cl\/sitioweb\/wp-content\/uploads\/2025\/06\/5-640x400.jpg\" alt=\"\" title=\"\" class=\"easingslider-image easingslider-lazy\" \/><\/div><div class=\"easingslider-slide\"><img decoding=\"async\" src=\"https:\/\/colegiowelcomeschool.cl\/sitioweb\/wp-content\/plugins\/easing-slider\/assets\/images\/placeholder-pixel.png\" data-src=\"https:\/\/colegiowelcomeschool.cl\/sitioweb\/wp-content\/uploads\/2025\/06\/6-640x400.jpg\" alt=\"\" title=\"\" class=\"easingslider-image easingslider-lazy\" \/><\/div><div class=\"easingslider-slide\"><img decoding=\"async\" src=\"https:\/\/colegiowelcomeschool.cl\/sitioweb\/wp-content\/plugins\/easing-slider\/assets\/images\/placeholder-pixel.png\" data-src=\"https:\/\/colegiowelcomeschool.cl\/sitioweb\/wp-content\/uploads\/2025\/06\/7-640x400.jpg\" alt=\"\" title=\"\" class=\"easingslider-image easingslider-lazy\" \/><\/div><div class=\"easingslider-slide\"><img decoding=\"async\" src=\"https:\/\/colegiowelcomeschool.cl\/sitioweb\/wp-content\/plugins\/easing-slider\/assets\/images\/placeholder-pixel.png\" data-src=\"https:\/\/colegiowelcomeschool.cl\/sitioweb\/wp-content\/uploads\/2025\/06\/8-640x400.jpg\" alt=\"\" title=\"\" class=\"easingslider-image easingslider-lazy\" \/><\/div><div class=\"easingslider-slide\"><img decoding=\"async\" src=\"https:\/\/colegiowelcomeschool.cl\/sitioweb\/wp-content\/plugins\/easing-slider\/assets\/images\/placeholder-pixel.png\" data-src=\"https:\/\/colegiowelcomeschool.cl\/sitioweb\/wp-content\/uploads\/2025\/06\/9-640x400.jpg\" alt=\"\" title=\"\" class=\"easingslider-image easingslider-lazy\" \/><\/div><div class=\"easingslider-slide\"><img decoding=\"async\" src=\"https:\/\/colegiowelcomeschool.cl\/sitioweb\/wp-content\/plugins\/easing-slider\/assets\/images\/placeholder-pixel.png\" data-src=\"https:\/\/colegiowelcomeschool.cl\/sitioweb\/wp-content\/uploads\/2025\/06\/0-640x400.jpg\" alt=\"\" title=\"\" class=\"easingslider-image easingslider-lazy\" \/><\/div><div class=\"easingslider-slide\"><img decoding=\"async\" src=\"https:\/\/colegiowelcomeschool.cl\/sitioweb\/wp-content\/plugins\/easing-slider\/assets\/images\/placeholder-pixel.png\" data-src=\"https:\/\/colegiowelcomeschool.cl\/sitioweb\/wp-content\/uploads\/2025\/06\/image-640x400.png\" alt=\"\" title=\"\" class=\"easingslider-image easingslider-lazy\" \/><\/div><div class=\"easingslider-slide\"><img decoding=\"async\" src=\"https:\/\/colegiowelcomeschool.cl\/sitioweb\/wp-content\/plugins\/easing-slider\/assets\/images\/placeholder-pixel.png\" data-src=\"https:\/\/colegiowelcomeschool.cl\/sitioweb\/wp-content\/uploads\/2025\/06\/2-640x400.jpg\" alt=\"\" title=\"\" class=\"easingslider-image easingslider-lazy\" \/><\/div><\/div>\n\n\n\n<p><\/p>\n\n\n\n<hr class=\"wp-block-separator has-alpha-channel-opacity\"\/>\n\n\n\n<p class=\"has-text-align-center has-large-font-size\"><strong>SALA ARTE SENSORIAL<\/strong><\/p>\n\n\n\n<p><strong>\u00bfQu\u00e9 es una Sala de Arte Sensorial?<\/strong><\/p>\n\n\n\n<p>La <strong>Sala de Arte Sensorial<\/strong> es un espacio dise\u00f1ado para experimentar el arte de forma inmersiva, a trav\u00e9s de los cinco sentidos.<br>M\u00e1s que una galer\u00eda tradicional, esta sala busca provocar sensaciones, emociones y reflexiones profundas a trav\u00e9s de la interacci\u00f3n directa con obras y ambientes multisensoriales.<\/p>\n\n\n\n<p><strong>Objetivos<\/strong><\/p>\n\n\n\n<ul class=\"wp-block-list\">\n<li>Estimular la <strong>percepci\u00f3n sensorial y emocional<\/strong> de los visitantes.<\/li>\n\n\n\n<li>Fomentar la <strong>participaci\u00f3n activa<\/strong> con el arte.<\/li>\n\n\n\n<li>Despertar la <strong>creatividad y la conciencia<\/strong> sobre el cuerpo, el entorno y la percepci\u00f3n.<\/li>\n\n\n\n<li>Servir como herramienta de inclusi\u00f3n para personas con diferentes capacidades sensoriales o cognitivas<\/li>\n<\/ul>\n\n\n\n<p><strong>\u00bfPor qu\u00e9 arte sensorial?<\/strong><\/p>\n\n\n\n<p>El arte sensorial:<\/p>\n\n\n\n<ul class=\"wp-block-list\">\n<li>Invita a explorar m\u00e1s all\u00e1 de la vista.<\/li>\n\n\n\n<li>Integra elementos como <strong>textura, sonido, aroma, movimiento y temperatura<\/strong>.<\/li>\n\n\n\n<li>Es ideal para todas las edades y especialmente enriquecedor para personas con discapacidades visuales, cognitivas o neurodiversidad.<\/li>\n<\/ul>\n\n\n<style type=\"text\/css\">.easingslider-11368 { max-width: 640px; }.easingslider-11368 .easingslider-image { max-height: 400px; max-width: 640px; }.easingslider-11368 .easingslider-fade-in, .easingslider-fade-out { -webkit-animation-duration: 400ms; -moz-animation-duration: 400ms; animation-duration: 400ms; }<\/style><script type=\"text\/javascript\">window.EasingSlider11368 = {\"width\":640,\"height\":400,\"singleItem\":true,\"items\":1,\"itemsDesktop\":false,\"itemsDesktopSmall\":false,\"itemsTablet\":false,\"itemsTabletSmall\":false,\"itemsMobile\":false,\"responsive\":true,\"lazyLoad\":true,\"autoPlay\":4000,\"slideSpeed\":400,\"navigation\":true,\"navigationText\":[\"\",\"\"],\"pagination\":true,\"autoHeight\":false,\"mouseDrag\":false,\"touchDrag\":false,\"addClassActive\":true,\"transitionStyle\":\"fade\"};<\/script><div data-id=\"11368\" class=\"easingslider easingslider-11368 easingslider-container easingslider-resizing-enabled easingslider-aspect-ratio easingslider-arrows-inside easingslider-pagination-inside easingslider-pagination-bottom-center\"><div class=\"easingslider-slide\"><img decoding=\"async\" src=\"https:\/\/colegiowelcomeschool.cl\/sitioweb\/wp-content\/plugins\/easing-slider\/assets\/images\/placeholder-pixel.png\" data-src=\"https:\/\/colegiowelcomeschool.cl\/sitioweb\/wp-content\/uploads\/2025\/06\/11-640x400.jpg\" alt=\"\" title=\"\" class=\"easingslider-image easingslider-lazy\" \/><\/div><div class=\"easingslider-slide\"><img decoding=\"async\" src=\"https:\/\/colegiowelcomeschool.cl\/sitioweb\/wp-content\/plugins\/easing-slider\/assets\/images\/placeholder-pixel.png\" data-src=\"https:\/\/colegiowelcomeschool.cl\/sitioweb\/wp-content\/uploads\/2025\/06\/12-640x400.jpg\" alt=\"\" title=\"\" class=\"easingslider-image easingslider-lazy\" \/><\/div><div class=\"easingslider-slide\"><img decoding=\"async\" src=\"https:\/\/colegiowelcomeschool.cl\/sitioweb\/wp-content\/plugins\/easing-slider\/assets\/images\/placeholder-pixel.png\" data-src=\"https:\/\/colegiowelcomeschool.cl\/sitioweb\/wp-content\/uploads\/2025\/06\/13-640x400.jpg\" alt=\"\" title=\"\" class=\"easingslider-image easingslider-lazy\" \/><\/div><div class=\"easingslider-slide\"><img decoding=\"async\" src=\"https:\/\/colegiowelcomeschool.cl\/sitioweb\/wp-content\/plugins\/easing-slider\/assets\/images\/placeholder-pixel.png\" data-src=\"https:\/\/colegiowelcomeschool.cl\/sitioweb\/wp-content\/uploads\/2025\/06\/14-640x400.jpg\" alt=\"\" title=\"\" class=\"easingslider-image easingslider-lazy\" \/><\/div><div class=\"easingslider-slide\"><img decoding=\"async\" src=\"https:\/\/colegiowelcomeschool.cl\/sitioweb\/wp-content\/plugins\/easing-slider\/assets\/images\/placeholder-pixel.png\" data-src=\"https:\/\/colegiowelcomeschool.cl\/sitioweb\/wp-content\/uploads\/2025\/06\/15-640x400.jpg\" alt=\"\" title=\"\" class=\"easingslider-image easingslider-lazy\" \/><\/div><div class=\"easingslider-slide\"><img decoding=\"async\" src=\"https:\/\/colegiowelcomeschool.cl\/sitioweb\/wp-content\/plugins\/easing-slider\/assets\/images\/placeholder-pixel.png\" data-src=\"\" alt=\"\" title=\"\" class=\"easingslider-image easingslider-lazy\" \/><\/div><\/div>\n\n\n\n<p><\/p>\n\n\n\n<p><em>*Informaci\u00f3n realizada por la coordinadora PIE Bel\u00e9n Molina 10-06-2025<\/em><\/p>\n\n\n\n<p><\/p>\n","protected":false},"excerpt":{"rendered":"<p>La Semana de la Inclusi\u00f3n es una iniciativa que busca sensibilizar, educar y promover valores de respeto, igualdad y aceptaci\u00f3n de la diversidad en todos los \u00e1mbitos de la sociedad: escuelas, lugares de trabajo, comunidades y espacios p\u00fablicos. Objetivos principales: \u00bfQu\u00e9 actividades que se realizaron? Las actividades var\u00edan seg\u00fan la [&hellip;]<\/p>\n","protected":false},"author":2,"featured_media":0,"parent":0,"menu_order":0,"comment_status":"closed","ping_status":"closed","template":"","meta":{"footnotes":""},"class_list":["post-11348","page","type-page","status-publish","hentry"],"_links":{"self":[{"href":"https:\/\/colegiowelcomeschool.cl\/sitioweb\/wp-json\/wp\/v2\/pages\/11348","targetHints":{"allow":["GET"]}}],"collection":[{"href":"https:\/\/colegiowelcomeschool.cl\/sitioweb\/wp-json\/wp\/v2\/pages"}],"about":[{"href":"https:\/\/colegiowelcomeschool.cl\/sitioweb\/wp-json\/wp\/v2\/types\/page"}],"author":[{"embeddable":true,"href":"https:\/\/colegiowelcomeschool.cl\/sitioweb\/wp-json\/wp\/v2\/users\/2"}],"replies":[{"embeddable":true,"href":"https:\/\/colegiowelcomeschool.cl\/sitioweb\/wp-json\/wp\/v2\/comments?post=11348"}],"version-history":[{"count":5,"href":"https:\/\/colegiowelcomeschool.cl\/sitioweb\/wp-json\/wp\/v2\/pages\/11348\/revisions"}],"predecessor-version":[{"id":11375,"href":"https:\/\/colegiowelcomeschool.cl\/sitioweb\/wp-json\/wp\/v2\/pages\/11348\/revisions\/11375"}],"wp:attachment":[{"href":"https:\/\/colegiowelcomeschool.cl\/sitioweb\/wp-json\/wp\/v2\/media?parent=11348"}],"curies":[{"name":"wp","href":"https:\/\/api.w.org\/{rel}","templated":true}]}}