{"id":10733,"date":"2024-08-07T12:09:24","date_gmt":"2024-08-07T15:09:24","guid":{"rendered":"https:\/\/colegiowelcomeschool.cl\/sitioweb\/?page_id=10733"},"modified":"2026-03-25T14:05:04","modified_gmt":"2026-03-25T17:05:04","slug":"talleres-extraprogramaticos","status":"publish","type":"page","link":"https:\/\/colegiowelcomeschool.cl\/sitioweb\/talleres-extraprogramaticos\/","title":{"rendered":"TALLERES EXTRAPROGRAM\u00c1TICOS"},"content":{"rendered":"\n<p>Este 2026 Colegio Welcome School tiene los siguientes talleres extraprogram\u00e1ticos:<\/p>\n\n\n\n<figure class=\"wp-block-image size-large is-resized\"><a href=\"https:\/\/colegiowelcomeschool.cl\/sitioweb\/wp-content\/uploads\/2026\/03\/HORARIO-TALLERES.png\"><img loading=\"lazy\" decoding=\"async\" width=\"510\" height=\"383\" src=\"https:\/\/colegiowelcomeschool.cl\/sitioweb\/wp-content\/uploads\/2026\/03\/HORARIO-TALLERES-510x383.png\" alt=\"\" class=\"wp-image-11737\" style=\"width:812px;height:auto\" srcset=\"https:\/\/colegiowelcomeschool.cl\/sitioweb\/wp-content\/uploads\/2026\/03\/HORARIO-TALLERES-510x383.png 510w, https:\/\/colegiowelcomeschool.cl\/sitioweb\/wp-content\/uploads\/2026\/03\/HORARIO-TALLERES-300x225.png 300w, https:\/\/colegiowelcomeschool.cl\/sitioweb\/wp-content\/uploads\/2026\/03\/HORARIO-TALLERES-768x576.png 768w, https:\/\/colegiowelcomeschool.cl\/sitioweb\/wp-content\/uploads\/2026\/03\/HORARIO-TALLERES-1536x1152.png 1536w, https:\/\/colegiowelcomeschool.cl\/sitioweb\/wp-content\/uploads\/2026\/03\/HORARIO-TALLERES-320x240.png 320w, https:\/\/colegiowelcomeschool.cl\/sitioweb\/wp-content\/uploads\/2026\/03\/HORARIO-TALLERES-107x80.png 107w, https:\/\/colegiowelcomeschool.cl\/sitioweb\/wp-content\/uploads\/2026\/03\/HORARIO-TALLERES.png 2000w\" sizes=\"auto, (max-width: 510px) 100vw, 510px\" \/><\/a><\/figure>\n\n\n\n<p><\/p>\n\n\n\n<p>La participaci\u00f3n en estos talleres es absolutamente voluntaria, pero una vez que el o la estudiante es aceptado, la asistencia es obligatoria.<\/p>\n\n\n\n<p>\u2022 Toda inasistencia superior a dos clases, sin justificaci\u00f3n, generar\u00e1 la cancelaci\u00f3n de la inscripci\u00f3n y se dar\u00e1 oportunidad a un estudiante que se encuentre a la espera de cupo.<\/p>\n\n\n\n<p><br>\u2022 Los y las estudiantes inscritos en talleres extraprogram\u00e1ticos tienen la obligaci\u00f3n de asistir a \u00e9stos y no deben quedarse en el patio o rondando por los alrededores, evadiendo su entrada al taller, por su seguridad y porque estar\u00e1 ocupando un cupo de alg\u00fan real interesado en participar del mismo.<\/p>\n\n\n\n<p><br>\u2022 Los apoderados deber\u00e1n llegar en el horario que corresponde a retirar del establecimiento a los y las estudiantes que se quedan a participar de los talleres extraprogram\u00e1ticos. En el caso de presentar m\u00e1s de tres atrasos de m\u00e1s de 15 minutos, el\/la estudiante deber\u00e1 ceder su cupo en el taller.<\/p>\n\n\n\n<p><br>\u2022 Los apoderados tienen la obligaci\u00f3n de asistir a citaciones y reuniones convocadas por cada uno de los profesores de taller. Se aplicar\u00e1 el mismo criterio para con la participaci\u00f3n de su hijo e hija en el taller.<\/p>\n\n\n\n<p><br>\u2022 Los y las estudiantes, deber\u00e1n mantener en todo momento una conducta acorde a las normas establecidas en el manual de convivencia del colegio, todo acto de indisciplina ser\u00e1 sancionado de acuerdo con el reglamento interno (<a href=\"https:\/\/colegiowelcomeschool.cl\/sitioweb\/wp-content\/uploads\/2025\/04\/RIE-WS-2025.pdf\" data-type=\"link\" data-id=\"https:\/\/colegiowelcomeschool.cl\/sitioweb\/wp-content\/uploads\/2025\/04\/RIE-WS-2025.pdf\" target=\"_blank\" rel=\"noreferrer noopener\">Ver Reglamento<\/a>)<\/p>\n\n\n\n<hr class=\"wp-block-separator has-alpha-channel-opacity\"\/>\n\n\n\n<p>Cualquier duda sobre inscrpciones o sobre los monitores, puede contactar al coordinador de talleres, Sr. Pedro Gonz\u00e1lez a su mail <strong>pgonzalez@welcomeschool.cl<\/strong> .<\/p>\n\n\n\n<p><\/p>\n","protected":false},"excerpt":{"rendered":"<p>Este 2026 Colegio Welcome School tiene los siguientes talleres extraprogram\u00e1ticos: La participaci\u00f3n en estos talleres es absolutamente voluntaria, pero una vez que el o la estudiante es aceptado, la asistencia es obligatoria. \u2022 Toda inasistencia superior a dos clases, sin justificaci\u00f3n, generar\u00e1 la cancelaci\u00f3n de la inscripci\u00f3n y se dar\u00e1 [&hellip;]<\/p>\n","protected":false},"author":2,"featured_media":0,"parent":0,"menu_order":0,"comment_status":"closed","ping_status":"closed","template":"","meta":{"footnotes":""},"class_list":["post-10733","page","type-page","status-publish","hentry"],"_links":{"self":[{"href":"https:\/\/colegiowelcomeschool.cl\/sitioweb\/wp-json\/wp\/v2\/pages\/10733","targetHints":{"allow":["GET"]}}],"collection":[{"href":"https:\/\/colegiowelcomeschool.cl\/sitioweb\/wp-json\/wp\/v2\/pages"}],"about":[{"href":"https:\/\/colegiowelcomeschool.cl\/sitioweb\/wp-json\/wp\/v2\/types\/page"}],"author":[{"embeddable":true,"href":"https:\/\/colegiowelcomeschool.cl\/sitioweb\/wp-json\/wp\/v2\/users\/2"}],"replies":[{"embeddable":true,"href":"https:\/\/colegiowelcomeschool.cl\/sitioweb\/wp-json\/wp\/v2\/comments?post=10733"}],"version-history":[{"count":11,"href":"https:\/\/colegiowelcomeschool.cl\/sitioweb\/wp-json\/wp\/v2\/pages\/10733\/revisions"}],"predecessor-version":[{"id":11738,"href":"https:\/\/colegiowelcomeschool.cl\/sitioweb\/wp-json\/wp\/v2\/pages\/10733\/revisions\/11738"}],"wp:attachment":[{"href":"https:\/\/colegiowelcomeschool.cl\/sitioweb\/wp-json\/wp\/v2\/media?parent=10733"}],"curies":[{"name":"wp","href":"https:\/\/api.w.org\/{rel}","templated":true}]}}